{"id":100,"date":"2022-12-11T00:30:10","date_gmt":"2022-12-11T00:30:10","guid":{"rendered":"https:\/\/www.bosphoruspatent.com\/?page_id=100"},"modified":"2022-12-11T00:30:10","modified_gmt":"2022-12-11T00:30:10","slug":"faydali-linkler","status":"publish","type":"page","link":"https:\/\/www.bosphoruspatent.com\/?page_id=100","title":{"rendered":"Faydal\u0131 Linkler"},"content":{"rendered":"\n<figure class=\"wp-block-table\" style=\"font-size:14px\"><table><tbody><tr><td><\/td><\/tr><tr><td><strong><\/strong><\/td><\/tr><tr><td><strong>TPE<\/strong>&nbsp;&#8211; T\u00fcrk Patent Enstit\u00fcs\u00fc<br><a href=\"https:\/\/web.archive.org\/web\/20200130200632\/http:\/\/www.tpe.gov.tr\/\" target=\"_blank\" rel=\"noreferrer noopener\">http:\/\/www.tpe.gov.tr<\/a><strong><\/strong><\/td><\/tr><tr><td><strong>WIPO<\/strong>&nbsp;&#8211; D\u00fcnya Fikri M\u00fclkiyet Organizasyonu<a href=\"https:\/\/web.archive.org\/web\/20200130200632\/http:\/\/www.wipo.org\/\" target=\"_blank\" rel=\"noreferrer noopener\"><br>http:\/\/www.wipo.org<\/a><\/td><\/tr><tr><td><strong>EPO<\/strong>&nbsp;&#8211; Avrupa Patent Ofisi<br><a href=\"https:\/\/web.archive.org\/web\/20200130200632\/http:\/\/www.epo.org\/\" target=\"_blank\" rel=\"noreferrer noopener\">http:\/\/www.epo.org<\/a><\/td><\/tr><tr><td><strong>OHIM<\/strong>&nbsp;&#8211; The Office of Harmonization for<br>The Internal Market<br><a href=\"https:\/\/web.archive.org\/web\/20200130200632\/http:\/\/www.oami.europa.eu\/\" target=\"_blank\" rel=\"noreferrer noopener\">http:\/\/www.oami.europa.eu<\/a><\/td><\/tr><tr><td><strong>EPI<\/strong>&nbsp;&#8211; Avrupa Patent Entit\u00fcs\u00fc<br><a href=\"https:\/\/web.archive.org\/web\/20200130200632\/http:\/\/www.patentepi.com\/\" target=\"_blank\" rel=\"noreferrer noopener\">http:\/\/www.patentepi.com<\/a><\/td><\/tr><tr><td><strong>INTA<\/strong>&nbsp;&#8211; International Trademark Organization<br><a href=\"https:\/\/web.archive.org\/web\/20200130200632\/http:\/\/www.yalciner.com\/tr\/www.inta.org\" target=\"_blank\" rel=\"noreferrer noopener\">www.inta.org<\/a><\/td><\/tr><tr><td><strong>AIPPI<\/strong>&nbsp;&#8211; Association Internationale pour la Protection de la Propri\u00e9t\u00e9 Intellectuelle (International Association for the Protection of Intellectual Property)<a href=\"https:\/\/web.archive.org\/web\/20200130200632\/http:\/\/www.aippi.org.uk\/\" target=\"_blank\" rel=\"noreferrer noopener\"><\/a><a href=\"https:\/\/web.archive.org\/web\/20200130200632\/http:\/\/www.aippi.org.uk\/\" target=\"_blank\" rel=\"noreferrer noopener\"><br>http:\/\/www.aippi.org.uk<\/a><\/td><\/tr><tr><td><strong>FICPI<\/strong><br><a href=\"https:\/\/web.archive.org\/web\/20200130200632\/http:\/\/www.ficpi.org\/\" target=\"_blank\" rel=\"noreferrer noopener\">http:\/\/www.ficpi.org<\/a><\/td><\/tr><tr><\/tr><\/tbody><\/table><\/figure>\n","protected":false},"excerpt":{"rendered":"<p>TPE&nbsp;&#8211; T\u00fcrk Patent Enstit\u00fcs\u00fchttp:\/\/www.tpe.gov.tr WIPO&nbsp;&#8211; D\u00fcnya Fikri M\u00fclkiyet Organizasyonuhttp:\/\/www.wipo.org EPO&nbsp;&#8211; Avrupa Patent Ofisihttp:\/\/www.epo.org OHIM&nbsp;&#8211; The Office of Harmonization forThe Internal Markethttp:\/\/www.oami.europa.eu EPI&nbsp;&#8211; Avrupa Patent Entit\u00fcs\u00fchttp:\/\/www.patentepi.com INTA&nbsp;&#8211; International Trademark Organizationwww.inta.org AIPPI&nbsp;&#8211; Association Internationale pour la Protection de la Propri\u00e9t\u00e9 Intellectuelle (International Association for the Protection of Intellectual Property)http:\/\/www.aippi.org.uk FICPIhttp:\/\/www.ficpi.org<\/p>\n","protected":false},"author":1,"featured_media":0,"parent":0,"menu_order":0,"comment_status":"closed","ping_status":"closed","template":"","meta":[],"_links":{"self":[{"href":"https:\/\/www.bosphoruspatent.com\/index.php?rest_route=\/wp\/v2\/pages\/100"}],"collection":[{"href":"https:\/\/www.bosphoruspatent.com\/index.php?rest_route=\/wp\/v2\/pages"}],"about":[{"href":"https:\/\/www.bosphoruspatent.com\/index.php?rest_route=\/wp\/v2\/types\/page"}],"author":[{"embeddable":true,"href":"https:\/\/www.bosphoruspatent.com\/index.php?rest_route=\/wp\/v2\/users\/1"}],"replies":[{"embeddable":true,"href":"https:\/\/www.bosphoruspatent.com\/index.php?rest_route=%2Fwp%2Fv2%2Fcomments&post=100"}],"version-history":[{"count":1,"href":"https:\/\/www.bosphoruspatent.com\/index.php?rest_route=\/wp\/v2\/pages\/100\/revisions"}],"predecessor-version":[{"id":102,"href":"https:\/\/www.bosphoruspatent.com\/index.php?rest_route=\/wp\/v2\/pages\/100\/revisions\/102"}],"wp:attachment":[{"href":"https:\/\/www.bosphoruspatent.com\/index.php?rest_route=%2Fwp%2Fv2%2Fmedia&parent=100"}],"curies":[{"name":"wp","href":"https:\/\/api.w.org\/{rel}","templated":true}]}}