{"id":103,"date":"2022-12-11T00:33:22","date_gmt":"2022-12-11T00:33:22","guid":{"rendered":"https:\/\/www.bosphoruspatent.com\/?page_id=103"},"modified":"2022-12-11T00:33:22","modified_gmt":"2022-12-11T00:33:22","slug":"mahkeme-kararlari","status":"publish","type":"page","link":"https:\/\/www.bosphoruspatent.com\/?page_id=103","title":{"rendered":"Mahkeme Kararlar\u0131"},"content":{"rendered":"\n<p><a href=\"https:\/\/www.bosphoruspatent.com\/\/img\/pages\/markanin-gercek-hak-sahibi-adina-hukmen-devri-ve-tescili_27.08.2015_4bcd2eb.pdf\">Markan\u0131n ger\u00e7ek hak sahibi ad\u0131na h\u00fckmen devri ve tescil<\/a>i<\/p>\n","protected":false},"excerpt":{"rendered":"<p>Markan\u0131n ger\u00e7ek hak sahibi ad\u0131na h\u00fckmen devri ve tescili<\/p>\n","protected":false},"author":1,"featured_media":0,"parent":0,"menu_order":0,"comment_status":"closed","ping_status":"closed","template":"","meta":[],"_links":{"self":[{"href":"https:\/\/www.bosphoruspatent.com\/index.php?rest_route=\/wp\/v2\/pages\/103"}],"collection":[{"href":"https:\/\/www.bosphoruspatent.com\/index.php?rest_route=\/wp\/v2\/pages"}],"about":[{"href":"https:\/\/www.bosphoruspatent.com\/index.php?rest_route=\/wp\/v2\/types\/page"}],"author":[{"embeddable":true,"href":"https:\/\/www.bosphoruspatent.com\/index.php?rest_route=\/wp\/v2\/users\/1"}],"replies":[{"embeddable":true,"href":"https:\/\/www.bosphoruspatent.com\/index.php?rest_route=%2Fwp%2Fv2%2Fcomments&post=103"}],"version-history":[{"count":1,"href":"https:\/\/www.bosphoruspatent.com\/index.php?rest_route=\/wp\/v2\/pages\/103\/revisions"}],"predecessor-version":[{"id":105,"href":"https:\/\/www.bosphoruspatent.com\/index.php?rest_route=\/wp\/v2\/pages\/103\/revisions\/105"}],"wp:attachment":[{"href":"https:\/\/www.bosphoruspatent.com\/index.php?rest_route=%2Fwp%2Fv2%2Fmedia&parent=103"}],"curies":[{"name":"wp","href":"https:\/\/api.w.org\/{rel}","templated":true}]}}