{"id":106,"date":"2022-12-11T00:37:46","date_gmt":"2022-12-11T00:37:46","guid":{"rendered":"https:\/\/www.bosphoruspatent.com\/?page_id=106"},"modified":"2023-01-01T21:17:57","modified_gmt":"2023-01-01T21:17:57","slug":"makaleler","status":"publish","type":"page","link":"https:\/\/www.bosphoruspatent.com\/?page_id=106","title":{"rendered":"Makaleler"},"content":{"rendered":"\n<p style=\"font-size:14px\">Marka Sahibin \u0130zni Olmadan Markan\u0131n Ticari Vekil veya Temsilcisi Ad\u0131na Tescili Sorunu (<a href=\"https:\/\/www.bosphoruspatent.com\/img\/pages\/marka-sahibin-izni-olmadan.docx\" data-type=\"URL\" data-id=\"http:\/\/www.bogazicipatent.com.tr\/img\/pages\/marka-sahibin-izni-olmadan-markanin-ticari-vekil-veya-temsilcisi-adina-tescili-sorunu_27.08.2015_f5d88c2.docx\" target=\"_blank\" rel=\"noreferrer noopener\">T\u00fcrk\u00e7e)<\/a><\/p>\n\n\n\n<p style=\"font-size:14px\">T\u00fcrkiye\u2019 de Patent Sistemi ve Uygulamas\u0131 (<a href=\"http:\/\/www.bosphoruspatent.com\/img\/pages\/turkiye-de-patent-sistem.docx\" target=\"_blank\" rel=\"noreferrer noopener\">T\u00fcrk\u00e7e<\/a>)<\/p>\n\n\n\n<p style=\"font-size:14px\">Yarg\u0131tay 11. HD.nin 2012 16334 E. ve 2014 5593 K.Say\u0131l\u0131 Karar\u0131n\u0131n \u0130rdelenmesi (<a href=\"https:\/\/www.bosphoruspatent.com\/img\/pages\/yargitay-11.-hd.docx\" target=\"_blank\" rel=\"noreferrer noopener\">T\u00fcrk\u00e7e<\/a>)<\/p>\n","protected":false},"excerpt":{"rendered":"<p>Marka Sahibin \u0130zni Olmadan Markan\u0131n Ticari Vekil veya Temsilcisi Ad\u0131na Tescili Sorunu (T\u00fcrk\u00e7e) T\u00fcrkiye\u2019 de Patent Sistemi ve Uygulamas\u0131 (T\u00fcrk\u00e7e) Yarg\u0131tay 11. HD.nin 2012 16334 E. ve 2014 5593 K.Say\u0131l\u0131 Karar\u0131n\u0131n \u0130rdelenmesi (T\u00fcrk\u00e7e)<\/p>\n","protected":false},"author":1,"featured_media":0,"parent":0,"menu_order":0,"comment_status":"closed","ping_status":"closed","template":"","meta":[],"_links":{"self":[{"href":"https:\/\/www.bosphoruspatent.com\/index.php?rest_route=\/wp\/v2\/pages\/106"}],"collection":[{"href":"https:\/\/www.bosphoruspatent.com\/index.php?rest_route=\/wp\/v2\/pages"}],"about":[{"href":"https:\/\/www.bosphoruspatent.com\/index.php?rest_route=\/wp\/v2\/types\/page"}],"author":[{"embeddable":true,"href":"https:\/\/www.bosphoruspatent.com\/index.php?rest_route=\/wp\/v2\/users\/1"}],"replies":[{"embeddable":true,"href":"https:\/\/www.bosphoruspatent.com\/index.php?rest_route=%2Fwp%2Fv2%2Fcomments&post=106"}],"version-history":[{"count":8,"href":"https:\/\/www.bosphoruspatent.com\/index.php?rest_route=\/wp\/v2\/pages\/106\/revisions"}],"predecessor-version":[{"id":212,"href":"https:\/\/www.bosphoruspatent.com\/index.php?rest_route=\/wp\/v2\/pages\/106\/revisions\/212"}],"wp:attachment":[{"href":"https:\/\/www.bosphoruspatent.com\/index.php?rest_route=%2Fwp%2Fv2%2Fmedia&parent=106"}],"curies":[{"name":"wp","href":"https:\/\/api.w.org\/{rel}","templated":true}]}}