{"id":112,"date":"2022-12-11T00:46:28","date_gmt":"2022-12-11T00:46:28","guid":{"rendered":"https:\/\/www.bosphoruspatent.com\/?page_id=112"},"modified":"2023-01-01T21:25:19","modified_gmt":"2023-01-01T21:25:19","slug":"bilgi-verici-dokumanlar","status":"publish","type":"page","link":"https:\/\/www.bosphoruspatent.com\/?page_id=112","title":{"rendered":"Bilgi Verici D\u00f6k\u00fcmanlar"},"content":{"rendered":"\n<p style=\"font-size:14px\">2015 Y\u0131l\u0131 Mal ve Hizmet Tebli\u011fi (<a href=\"http:\/\/www.bosphoruspatent.com\/img\/pages\/malvehizmetlistesi2015_tr_27.08.2015_0eb4be8.docx\" data-type=\"URL\" data-id=\"http:\/\/www.bosphoruspatent.com\/img\/pages\/malvehizmetlistesi2015_tr_27.08.2015_0eb4be8.docx\">T\u00fcrk\u00e7e)<\/a><\/p>\n\n\n\n<p style=\"font-size:14px\">Madrid Protokol\u00fc \u00dcye \u00dclkeler (<a href=\"http:\/\/www.bosphoruspatent.com\/img\/pages\/madrid-protokolu-uye-ulkeler_27.08.2015_ff637a5.pdf\" data-type=\"URL\" data-id=\"http:\/\/www.bosphoruspatent.com\/img\/pages\/madrid-protokolu-uye-ulkeler_27.08.2015_ff637a5.pdf\">T\u00fcrk\u00e7e<\/a>)<\/p>\n\n\n\n<p style=\"font-size:14px\">Marka Tescil Ba\u015fvurusunda Bulunmak \u00dczere Gerekli Evraklar (<a href=\"http:\/\/www.bosphoruspatent.com\/img\/pages\/marka-tescil-basvurusunda-bulunmak-uzere-gerekli-evraklar_27.08.2015_26456ee.docx\" data-type=\"URL\" data-id=\"http:\/\/www.bosphoruspatent.com\/img\/pages\/marka-tescil-basvurusunda-bulunmak-uzere-gerekli-evraklar_27.08.2015_26456ee.docx\">T\u00fcrk\u00e7e)<\/a><\/p>\n\n\n\n<p style=\"font-size:14px\">2015 Y\u0131l\u0131 Patent Ara\u015ft\u0131rma ve \u0130nceleme Raporu \u00dccretleri (<a href=\"http:\/\/www.bosphoruspatent.com\/img\/pages\/2015-yili-patent-arastirma-ve-inceleme-raporu-ucretleri_tr_27.08.2015_010ec70.pdf\" data-type=\"URL\" data-id=\"http:\/\/www.bosphoruspatent.com\/img\/pages\/2015-yili-patent-arastirma-ve-inceleme-raporu-ucretleri_tr_27.08.2015_010ec70.pdf\">T\u00fcrk\u00e7e)<\/a><\/p>\n\n\n\n<p style=\"font-size:14px\">End\u00fcstriyel Tasar\u0131m Tescil Ba\u015fvurusunda Bulunmak \u00dczere Gerekli Evraklar (<a href=\"http:\/\/www.bosphoruspatent.com\/img\/pages\/endustriyel-tasarim-tescil-basvurusunda-bulunmak-uzere-gerekli-evraklar_tr_27.08.2015_cbb4a42.docx\" data-type=\"URL\" data-id=\"http:\/\/www.bosphoruspatent.com\/img\/pages\/endustriyel-tasarim-tescil-basvurusunda-bulunmak-uzere-gerekli-evraklar_tr_27.08.2015_cbb4a42.docx\">T\u00fcrk\u00e7e)<\/a><\/p>\n\n\n\n<p style=\"font-size:14px\">Patent Ve Faydal\u0131 Model Ba\u015fvurusunda Bulunmak \u00dczere Gerekli Evraklar (<a href=\"http:\/\/www.bosphoruspatent.com\/img\/pages\/patent-ve-faydali-model--basvurusunda-bulunmak-uzere-gerekli-evraklar_tr_27.08.2015_4e991c9.docx\" data-type=\"URL\" data-id=\"http:\/\/www.bosphoruspatent.com\/img\/pages\/patent-ve-faydali-model--basvurusunda-bulunmak-uzere-gerekli-evraklar_tr_27.08.2015_4e991c9.docx\">T\u00fcrk\u00e7e)<\/a><\/p>\n","protected":false},"excerpt":{"rendered":"<p>2015 Y\u0131l\u0131 Mal ve Hizmet Tebli\u011fi (T\u00fcrk\u00e7e) Madrid Protokol\u00fc \u00dcye \u00dclkeler (T\u00fcrk\u00e7e) Marka Tescil Ba\u015fvurusunda Bulunmak \u00dczere Gerekli Evraklar (T\u00fcrk\u00e7e) 2015 Y\u0131l\u0131 Patent Ara\u015ft\u0131rma ve \u0130nceleme Raporu \u00dccretleri (T\u00fcrk\u00e7e) End\u00fcstriyel Tasar\u0131m Tescil Ba\u015fvurusunda Bulunmak \u00dczere Gerekli Evraklar (T\u00fcrk\u00e7e) Patent Ve Faydal\u0131 Model Ba\u015fvurusunda Bulunmak \u00dczere Gerekli Evraklar (T\u00fcrk\u00e7e)<\/p>\n","protected":false},"author":1,"featured_media":0,"parent":0,"menu_order":0,"comment_status":"closed","ping_status":"closed","template":"","meta":[],"_links":{"self":[{"href":"https:\/\/www.bosphoruspatent.com\/index.php?rest_route=\/wp\/v2\/pages\/112"}],"collection":[{"href":"https:\/\/www.bosphoruspatent.com\/index.php?rest_route=\/wp\/v2\/pages"}],"about":[{"href":"https:\/\/www.bosphoruspatent.com\/index.php?rest_route=\/wp\/v2\/types\/page"}],"author":[{"embeddable":true,"href":"https:\/\/www.bosphoruspatent.com\/index.php?rest_route=\/wp\/v2\/users\/1"}],"replies":[{"embeddable":true,"href":"https:\/\/www.bosphoruspatent.com\/index.php?rest_route=%2Fwp%2Fv2%2Fcomments&post=112"}],"version-history":[{"count":3,"href":"https:\/\/www.bosphoruspatent.com\/index.php?rest_route=\/wp\/v2\/pages\/112\/revisions"}],"predecessor-version":[{"id":216,"href":"https:\/\/www.bosphoruspatent.com\/index.php?rest_route=\/wp\/v2\/pages\/112\/revisions\/216"}],"wp:attachment":[{"href":"https:\/\/www.bosphoruspatent.com\/index.php?rest_route=%2Fwp%2Fv2%2Fmedia&parent=112"}],"curies":[{"name":"wp","href":"https:\/\/api.w.org\/{rel}","templated":true}]}}