{"id":125,"date":"2022-12-11T13:54:01","date_gmt":"2022-12-11T13:54:01","guid":{"rendered":"https:\/\/www.bosphoruspatent.com\/?page_id=125"},"modified":"2022-12-11T13:54:01","modified_gmt":"2022-12-11T13:54:01","slug":"alan-adi-uyusmazliklari","status":"publish","type":"page","link":"https:\/\/www.bosphoruspatent.com\/?page_id=125","title":{"rendered":"Alan Ad\u0131 Uyu\u015fmazl\u0131klar\u0131"},"content":{"rendered":"\n<p><strong>ALAN ADLARI (DOMAIN NAME)<\/strong><\/p>\n\n\n\n<p style=\"font-size:14px\">Alan adlar\u0131, \u0130nternet \u00fczerinde bulunan bilgisayar veya web sitelerinin adresini belirlemek i\u00e7in kullan\u0131lan IP (Internet Protokol) numaras\u0131n\u0131 tan\u0131mlayan isimlerdir, yani alan ad\u0131 bir web sitesinin internetteki ad\u0131d\u0131r.<\/p>\n\n\n\n<p style=\"font-size:14px\">Alan Adlar\u0131, uluslararas\u0131 platformda gTLD (Generic Top Level Domain) olarak adland\u0131r\u0131lan com, org, net, edu, mil, k12, \u015feklindeki 7 alan ile, ISO- 3166 standard\u0131na g\u00f6re olu\u015fturulan, ccTLD (Country Code Top Level Domain) olarak adland\u0131r\u0131lan \u00fclke koduna (uk, us, tr, vb.) g\u00f6re belirlenir.<br>En \u00e7ok kullan\u0131lan alan ad\u0131 uzant\u0131lar\u0131 .com, .net, .org &#8216;dir.<br><br><strong>com:<\/strong>&nbsp;Firmalar ve ticari i\u015fletmeler, ticari \u00fcr\u00fcnler i\u00e7in uygundur \u0130ngilizce commercial kelimesinin k\u0131saltmas\u0131d\u0131r, &#8220;ticari&#8221; anlam\u0131ndad\u0131r.<br><br><strong>net:<\/strong>&nbsp;internet servis sa\u011flay\u0131c\u0131lar i\u00e7in uygundur. \u0130ngilizce network kelimesinin k\u0131saltmas\u0131d\u0131r, &#8220;a\u011f, \u015febeke&#8221; anlam\u0131ndad\u0131r.<br><strong><br>edu:<\/strong>&nbsp;E\u011fitim kurum ve kurulu\u015flar\u0131 i\u00e7in uygundur, &#8220;education&#8221; kelimesinin k\u0131saltmas\u0131d\u0131r.<br><br><strong>gen:<\/strong>&nbsp;Ki\u015fisel ve kurumsal ba\u015fvurular i\u00e7in uygundur, &#8220;generation&#8221; kelimesinin k\u0131saltmas\u0131d\u0131r.<br><br><strong>gov:<\/strong>&nbsp;Devlet kurum ve kurulu\u015flar\u0131 i\u00e7indir, &#8220;goverment&#8221; kelimesinin k\u0131saltmas\u0131d\u0131r.<br><br><strong>mil:<\/strong>&nbsp;Askeri kurum ve kurulu\u015flar i\u00e7indir, ingilizce &#8220;military&#8221; kelimesinin k\u0131saltmas\u0131d\u0131r.<br><strong><br>nom:<\/strong>&nbsp;Bireylerin kullan\u0131m\u0131 i\u00e7in uygundur.<br><strong><br>org:<\/strong>&nbsp;Kar amac\u0131 g\u00fctmeyen siteler i\u00e7in uygundur. \u0130ngilizce organization kelimesinin k\u0131saltmas\u0131d\u0131r, &#8220;\u00f6rg\u00fct, organizasyon&#8221; anlam\u0131ndad\u0131r.<\/p>\n\n\n\n<p style=\"font-size:14px\">Alan Adlar\u0131 (\u0130nternet Adresleri) genel olarak iki ana gruba ayr\u0131l\u0131rlar:<br><br><strong>1. Uluslararas\u0131 Alan Adlar\u0131:<\/strong><br>Bu tip alan adlar\u0131 ABD\u2019den ICAAN konsorsiyumuna kay\u0131tl\u0131 firmalardan al\u0131n\u0131r. Bu domainler de ilk ba\u015fvuran al\u0131r kural\u0131 ge\u00e7erlidir. Bu alan adlar\u0131n\u0131n di\u011fer bir \u00f6zelli\u011fi de kay\u0131t s\u0131ras\u0131nda herhangi bir belge istenmemesidir. Bundan dolay\u0131 g\u00fcnl\u00fck hayatta kulland\u0131\u011f\u0131m\u0131z kelimelerden, \u015fehir ve b\u00f6lge adlar\u0131na, sekt\u00f6rel terimlerden, \u00fcnl\u00fclerin adlar\u0131na kadar her \u015fey kay\u0131t edilebilmektedir. Uluslararas\u0131 alan adlar\u0131 uzant\u0131lar\u0131na g\u00f6re de s\u0131n\u0131fland\u0131r\u0131l\u0131r; en \u00e7ok bilinen uzant\u0131lar .com,.net, ve .org\u2019dur.<br><br><strong>2. Co\u011frafi veya Yerli Alan Adlar\u0131:<\/strong><br>Bu alan adlar\u0131 da uluslararas\u0131 alan adlar\u0131 gibi ayn\u0131 uzant\u0131lara sahiptir. Ancak, tescil edildikleri \u00fclkenin internet tak\u0131s\u0131 alan ad\u0131n\u0131n sonuna gelir. \u00d6rne\u011fin alan ad\u0131n\u0131 T\u00fcrkiye\u2019den alm\u0131\u015fsan\u0131z alan ad\u0131n\u0131n sonuna T\u00fcrkiye\u2019nin internetteki uzant\u0131s\u0131 .tr eklenir.<br><br><strong>The Trademark Clearinghouse \u2013 TCMH<\/strong><\/p>\n\n\n\n<p style=\"font-size:14px\">ICANN taraf\u0131ndan belirlenen ve markalar\u0131 depolama merkezi olarak g\u00f6rev yapan bu sistemde hak sahipleri markalar\u0131n\u0131 kay\u0131t alt\u0131na alarak ileride do\u011fabilecek ihlalleri \u00f6nleyebileceklerdir.<\/p>\n\n\n\n<p style=\"font-size:14px\"><strong>Sistemin Yararlar\u0131:<\/strong><\/p>\n\n\n\n<ul style=\"font-size:14px\">\n<li><strong>Marka Rezervasyonu :&nbsp;<\/strong>Her bir yeni nesil alan ad\u0131 hayata ge\u00e7irildi\u011finde; bu alan ad\u0131n\u0131n y\u00f6neticisi 30 g\u00fcnden az olmamak kayd\u0131 ile bir sunrise period (\u00f6n ba\u015fvuru s\u00fcreci) belirlemek zorunda. Bu d\u00f6nem i\u00e7erisinde marka hak sahipleri marka depolama merkezine kay\u0131t edilmi\u015f olan markalar\u0131n\u0131 internet alan ad\u0131 olarak tescil ettirmede \u00f6ncelik hakk\u0131na sahip olacaklar.<\/li>\n\n\n\n<li><strong>Uyu\u015fmazl\u0131k Do\u011furabilecek Tescil Giri\u015fimlerinin Bildirilmesi :&nbsp;<\/strong>Markalar\u0131n\u0131 marka depolama merkezine kay\u0131t ettirmi\u015f hak sahiplerine potansiyel uyu\u015fmazl\u0131k durumlar\u0131 bildirilecektir.<\/li>\n<\/ul>\n\n\n\n<p>\u00d6ncelikle; \u00f6n ba\u015fvuru periyodunda bir \u00fc\u00e7\u00fcnc\u00fc ki\u015finin, markas\u0131n\u0131 TMCH ye kay\u0131t ettirmi\u015f bir hak sahibi markas\u0131 ile bir alan ad\u0131 i\u00e7in ba\u015fvuruda bulunmas\u0131 halinde, bu durum hak sahibine bildirilmek zorunda olacakt\u0131r.<\/p>\n\n\n\n<p style=\"font-size:14px\">Sunrise Period sonras\u0131nda; Sunrise Period\u2019u takiben ve bir yeni nesil alan ad\u0131n\u0131n tescile a\u00e7\u0131lmas\u0131ndan en az\u0131ndan ilk 60 g\u00fcn i\u00e7erisinde, TCMH \u2018 ye kay\u0131tl\u0131 bir marka ile ayn\u0131 olan bir alan ad\u0131 \u00fc\u00e7\u00fcnc\u00fc bir ki\u015fice tescil ettirmek istenirse; ba\u015fvuru sahibi otomatik bir bilgilendirme mesaj\u0131 alacak. Bu mesajda tescil talebinin potansiyel bir hukuki uyu\u015fmazl\u0131k do\u011furabilece\u011fi ve talep ettikleri alan ad\u0131n\u0131 kullanmalar\u0131n\u0131n bir marka hak sahibinin marka hakk\u0131na tecav\u00fcz etmeyece\u011fi y\u00f6n\u00fcnde yaz\u0131l\u0131 bir onay vermeleri istenecek. Bu onay\u0131n verilmesi ve ilgili alan ad\u0131n\u0131n tescil edilmesi halinde TMCH\u2019de markas\u0131 kay\u0131tl\u0131 hak sahibine bu tescilin bildirimi yap\u0131lacakt\u0131r.<\/p>\n\n\n\n<p style=\"font-size:14px\"><strong>Domain Name (Internet Alan Ad\u0131) \u015eikayetleri:<\/strong>&nbsp;Bahsedilen ve yeni nesil bir alan ad\u0131n\u0131n t\u00fcm ki\u015filerce tescile a\u00e7\u0131lmas\u0131na kadar s\u00fcrecek olan s\u00fcre\u00e7lerden sonra, s\u00f6z konusu yeni nesil alan ad\u0131 politikalar\u0131n\u0131n daha uzun d\u00f6nemli koruma \u00f6nlemlerine uyum sa\u011flamas\u0131 beklenir. Bunlara internet alan ad\u0131n\u0131n bir marka hak ihlaline neden oldu\u011fu durumlar\u0131 i\u00e7eren, k\u0131saca RSP dedi\u011fimiz ve a\u00e7\u0131l\u0131m\u0131 Rapid Suspension Procedure( H\u0131zl\u0131 ask\u0131ya alma prosed\u00fcr\u00fc)&nbsp; dahildir. TMCH\u2019 ye markalar\u0131n\u0131 ve kullan\u0131mlar\u0131n\u0131 kay\u0131t ettiren marka hak sahipleri bahsedilen bu tarz prosed\u00fcrlerden \u00e7ok kolayl\u0131kla yararlanacaklard\u0131r.<\/p>\n\n\n\n<p style=\"font-size:14px\">Her bir yeni uzant\u0131 i\u00e7in Sunrise Registrations ve Sunrise Dispute Resolution Policies hakk\u0131nda bilgi sahibi olmak ve konunun d\u00fczenli olarak takibi gerekmektedir.<\/p>\n\n\n\n<p style=\"font-size:14px\"><strong>PDDRP-Post-Delegation Dispute Resolution Procedure :<\/strong>&nbsp;<em>Kullan\u0131ma a\u00e7\u0131lm\u0131\u015f bir alan ad\u0131 uzant\u0131s\u0131 s\u00f6z<\/em>&nbsp;<em>konusu olsa dahi, marka haklar\u0131n\u0131n ihlal edildi\u011fini d\u00fc\u015f\u00fcnen hak sahiplerinin<\/em>&nbsp;<em>ba\u015fvurabilece\u011fi yine idari yollardan birisidir.<\/em><\/p>\n\n\n\n<p style=\"font-size:14px\"><strong>URS (The Uniform Rapid Suspension System):&nbsp;<\/strong><em>B\u00fct\u00fcn yeni jenerik \u00fcst d\u00fczey alan adlar\u0131 busisteme konu olabilir. Bu sistemde markahakk\u0131na tecav\u00fcz ve k\u00f6t\u00fcye kullanma durumlar\u0131ele al\u0131narak, hakl\u0131 bulunan taleplerdo\u011frultusunda alan ad\u0131 tescili ask\u0131ya al\u0131nmaktad\u0131r. NAF ve Asian Domain Name Dispute Resolution Centre yetkilidir.<\/em><\/p>\n\n\n\n<p style=\"font-size:14px\"><strong>\u0130kincil D\u00fczeylerde PDDRP Sisteminin Kullan\u0131lmas\u0131:&nbsp;<\/strong><em>Bu sistem hak sahiplerine; tescil otoritelerinin,\u00e7\u0131kar sa\u011flamaya y\u00f6nelik ve k\u00f6t\u00fc niyetli sistematik tescillerine kar\u015f\u0131 \u015fikayette bulunma olana\u011f\u0131 tan\u0131maktad\u0131r.<\/em><\/p>\n\n\n\n<p style=\"font-size:14px\">\u0130nternet alan adlar\u0131n\u0131n&nbsp; ki\u015fi ve \u015firketler i\u00e7in&nbsp; bir ileti\u015fim ve tan\u0131t\u0131m arac\u0131 olmalar\u0131 nedeniyle ay\u0131rt edici ve vazge\u00e7ilmez bir nitelik kazanmaktad\u0131r. Bu nedenle de, internet alan &nbsp;adlar\u0131na ait k\u00f6t\u00fcniyetli giri\u015fimler, bu yolla hak sahibi firmalara zarar verme veya bu firmalar\u0131n tan\u0131nm\u0131\u015fl\u0131\u011f\u0131ndan, vb unsurlar\u0131ndan yararlanma giri\u015fimleri de artm\u0131\u015ft\u0131r.<br><br>Alan adlar\u0131n\u0131n d\u00fc\u015f\u00fck \u00fccretler kar\u015f\u0131l\u0131\u011f\u0131nda tescil ettirilebilmesi nedeniyle , bu \u015fekilde 3. Ki\u015filerce tescil ettirilen alan adlar\u0131 k\u00f6t\u00fc niyetli olarak kullan\u0131larak veya fahi\u015f fiyatlarla alan ad\u0131 sahibine ya da di\u011fer ki\u015filere sat\u0131larak haks\u0131z kazan\u00e7lar elde edilmektedir.<br><br>Buna g\u00f6re, e\u011fer verilen alan ad\u0131 bir ba\u015fkas\u0131n\u0131n isim veya markas\u0131na tecav\u00fcz te\u015fkil ediyorsa, hukuki yollara m\u00fcracaat edilerek, yap\u0131lan uyar\u0131ya ra\u011fmen alan ad\u0131n\u0131 kullanmaya devam eden ki\u015fiye kar\u015f\u0131 isim ve marka tecav\u00fcz\u00fcne veya haks\u0131z rekabete dair h\u00fck\u00fcmler \u00e7er\u00e7evesinde ihtiyati tedbir karar\u0131 talep edilebilecektir.<br><br>Ayr\u0131ca, alan adlar\u0131n\u0131n iptali i\u00e7in World Intellectual Property Organization Arbitration and Mediation Center nezdinde hukuki giri\u015fimler ba\u015flat\u0131labilecektir. Bu hususla ilgili olarak dosyalanan \u015fikayetlerde WIPO Arbitration and Mediation H\u00fck\u00fcmlerine g\u00f6re \u015fikayetin kabul edilip, \u015fikayete konu alan ad\u0131n\u0131n iptali i\u00e7in 3 kriterin bulunmas\u0131 gerekmektedir;<br><br>&#8211; Alan ad\u0131n\u0131n, \u015fikayet eden ki\u015fi ya da kurulu\u015fun marka haklar\u0131 ile ayn\u0131 ya da ay\u0131rt edilemeyecek kadar benzer oldu\u011funun kan\u0131tlanmas\u0131,<br>&#8211; Alan ad\u0131 sahibinin bu alan ad\u0131 \u00fczerinde yasal bir hakk\u0131n\u0131n bulunmad\u0131\u011f\u0131n\u0131n kan\u0131tlanmas\u0131 ve<br>&#8211; Alan ad\u0131 tescilinde k\u00f6t\u00fc niyet bulundu\u011funun kan\u0131tlanmas\u0131 gerekmektedir.<\/p>\n\n\n\n<p style=\"font-size:14px\">Ayr\u0131ca, 3. Ki\u015filerce hak sahibi olmaks\u0131z\u0131n, k\u00f6t\u00fcniyetle al\u0131nm\u0131\u015f alan adlar\u0131n\u0131n ger\u00e7ek hak sahibine devri de m\u00fcmk\u00fcndir.. S\u00f6zkonusu&nbsp; alan adlar\u0131n\u0131n ger\u00e7ek hak sahibine devri i\u00e7in World Intellectual Property Organization Arbitration and Mediation Center nezdinde kurulmu\u015f olan hakem\/hakem heyetine hukuki giri\u015fimler ba\u015flat\u0131labilecektir. Bu hususla ilgili olarak dosyalanan \u015fikayetlerde WIPO Arbitration and Mediation H\u00fck\u00fcmlerine g\u00f6re \u015fikayetin kabul edilip, \u015fikayete konu alan ad\u0131n\u0131n ger\u00e7ek hak sahibine devri i\u00e7in 3 kriterin bulunmas\u0131 gerekmektedir;<br><br>a)\u015eikayet edenin , \u015fikayete konu alan ad\u0131na ili\u015fkin&nbsp; me\u015fru bir hakk\u0131n\u0131n olmas\u0131 ve s\u00f6zkonusu ibarenin \u015fikayet eden aleyhine, \u015fikayet edilen lehine&nbsp; kar\u0131\u015f\u0131kl\u0131\u011fa, iltibas yaratabilecek olmas\u0131<\/p>\n\n\n\n<p style=\"font-size:14px\">b)\u015eikayet edilenin s\u00f6zkonusu ibareyi kullanmakta me\u015fru bir hakk\u0131n\u0131n varolmas\u0131;<\/p>\n\n\n\n<p style=\"font-size:14px\">c) 3.ki\u015finin&nbsp; k\u00f6t\u00fcniyeti olmas\u0131<\/p>\n\n\n\n<p style=\"font-size:14px\">Bu \u015fartlar\u0131n bir arada oldu\u011fu ispatlan\u0131rsa, s\u00f6zkonusu alan ad\u0131 ger\u00e7ek hak sahibi ad\u0131na tecil edilebilecektir.<\/p>\n","protected":false},"excerpt":{"rendered":"<p>ALAN ADLARI (DOMAIN NAME) Alan adlar\u0131, \u0130nternet \u00fczerinde bulunan bilgisayar veya web sitelerinin adresini belirlemek i\u00e7in kullan\u0131lan IP (Internet Protokol) numaras\u0131n\u0131 tan\u0131mlayan isimlerdir, yani alan ad\u0131 bir web sitesinin internetteki ad\u0131d\u0131r. Alan Adlar\u0131, uluslararas\u0131 platformda gTLD (Generic Top Level Domain) olarak adland\u0131r\u0131lan com, org, net, edu, mil, k12, \u015feklindeki 7 alan ile, ISO- 3166 standard\u0131na &hellip; <\/p>\n<p class=\"link-more\"><a href=\"https:\/\/www.bosphoruspatent.com\/?page_id=125\" class=\"more-link\">Okumaya devam et<span class=\"screen-reader-text\"> &#8220;Alan Ad\u0131 Uyu\u015fmazl\u0131klar\u0131&#8221;<\/span><\/a><\/p>\n","protected":false},"author":1,"featured_media":0,"parent":0,"menu_order":0,"comment_status":"closed","ping_status":"closed","template":"","meta":[],"_links":{"self":[{"href":"https:\/\/www.bosphoruspatent.com\/index.php?rest_route=\/wp\/v2\/pages\/125"}],"collection":[{"href":"https:\/\/www.bosphoruspatent.com\/index.php?rest_route=\/wp\/v2\/pages"}],"about":[{"href":"https:\/\/www.bosphoruspatent.com\/index.php?rest_route=\/wp\/v2\/types\/page"}],"author":[{"embeddable":true,"href":"https:\/\/www.bosphoruspatent.com\/index.php?rest_route=\/wp\/v2\/users\/1"}],"replies":[{"embeddable":true,"href":"https:\/\/www.bosphoruspatent.com\/index.php?rest_route=%2Fwp%2Fv2%2Fcomments&post=125"}],"version-history":[{"count":1,"href":"https:\/\/www.bosphoruspatent.com\/index.php?rest_route=\/wp\/v2\/pages\/125\/revisions"}],"predecessor-version":[{"id":127,"href":"https:\/\/www.bosphoruspatent.com\/index.php?rest_route=\/wp\/v2\/pages\/125\/revisions\/127"}],"wp:attachment":[{"href":"https:\/\/www.bosphoruspatent.com\/index.php?rest_route=%2Fwp%2Fv2%2Fmedia&parent=125"}],"curies":[{"name":"wp","href":"https:\/\/api.w.org\/{rel}","templated":true}]}}