{"id":131,"date":"2022-12-11T14:01:24","date_gmt":"2022-12-11T14:01:24","guid":{"rendered":"https:\/\/www.bosphoruspatent.com\/?page_id=131"},"modified":"2022-12-11T14:02:20","modified_gmt":"2022-12-11T14:02:20","slug":"bitki-haklari","status":"publish","type":"page","link":"https:\/\/www.bosphoruspatent.com\/?page_id=131","title":{"rendered":"Bitki Haklar\u0131"},"content":{"rendered":"\n<p><strong>Yeni bitki \u00e7e\u015fitleri \u00fczerine inhisari haklar<\/strong><\/p>\n\n\n\n<p style=\"font-size:14px\">Yeni bir bitki \u00e7e\u015fidini \u0131slah eden veya bulan ya da geli\u015ftiren ki\u015fiye inhisari haklar tan\u0131nm\u0131\u015ft\u0131r. Yeni, farkl\u0131, yeknesak ve durulmu\u015f bitki \u00e7e\u015fitleri hakk\u0131nda koruma sa\u011flan\u0131r. Bir \u00e7e\u015fidin \u00e7o\u011falt\u0131m veya hasat edilmi\u015f materyali, \u0131slah\u00e7\u0131 hakk\u0131 i\u00e7in ba\u015fvurunun yap\u0131ld\u0131\u011f\u0131 tarihten geriye do\u011fru yurti\u00e7inde bir y\u0131l, yurtd\u0131\u015f\u0131nda d\u00f6rt y\u0131l, a\u011fa\u00e7 ve asmalarda alt\u0131 y\u0131l \u00f6ncesine kadar kullan\u0131m amac\u0131yla hak sahibi taraf\u0131ndan veya onun r\u0131zas\u0131yla bir ba\u015fkas\u0131 taraf\u0131ndan sat\u0131lmam\u0131\u015f ya da umuma sunulmam\u0131\u015f ise \u00e7e\u015fit yeni olarak kabul edilir.<\/p>\n\n\n\n<p style=\"font-size:14px\">\u00c7e\u015fit, ba\u015fvuru veya r\u00fc\u00e7han hakk\u0131 tarihinde, herkes\u00e7e bilinen \u00e7e\u015fitlerden a\u00e7\u0131k\u00e7a ay\u0131rt edilebiliyorsa farkl\u0131 kullan\u0131lan \u00e7o\u011falt\u0131m metoduna ba\u011fl\u0131 olan muhtemel de\u011fi\u015fiklikler d\u0131\u015f\u0131nda, ilgili \u00f6zellikler bak\u0131m\u0131ndan bir \u00f6rneklik g\u00f6steriyorsa, yeknesak ve birbirini izleyen \u00e7o\u011falt\u0131mlar s\u0131ras\u0131nda veya belirli \u00e7o\u011falt\u0131m d\u00f6nemleri sonunda ilgili \u00f6zellikleri de\u011fi\u015fmeksizin ayn\u0131 kal\u0131yorsa, durulmu\u015f say\u0131l\u0131r. Yen bitki \u00e7e\u015fitlerine ait \u0131slah\u00e7\u0131 haklar\u0131, Yeni Bitki \u00c7e\u015fitlerine Ait Islah\u00e7\u0131 Haklar\u0131n\u0131n Korunmas\u0131na \u0130li\u015fkin 5042 Say\u0131l\u0131 Kanun kapsam\u0131nda \u00f6zel olarak korunur. Bu kanun kapsam\u0131nda korumadan yararlanabilmek i\u00e7in bitki \u00e7e\u015fidi sahibinin ba\u015fvuruda bulunmas\u0131 gerekmektedir. Ba\u015fvuru yap\u0131ld\u0131ktan sonraki incelemeler sonucunda gerekli ko\u015fullar\u0131n yerine getirildi\u011fi kan\u0131s\u0131na var\u0131l\u0131rsa \u0131slah\u00e7\u0131 hakk\u0131 K\u00fct\u00fc\u011fe kaydedilerek hak sahibine\u00a0 \u201c Islah\u00e7\u0131 Hakk\u0131 Belgesi \u201c verilir.<\/p>\n\n\n\n<p><strong>T\u00fcrkiyede bitki&nbsp; \u0131slah\u00e7\u0131 haklar\u0131 ve uygulamalar\u0131<\/strong><\/p>\n\n\n\n<p style=\"font-size:14px\">5042 say\u0131l\u0131 Kanun\u2019un uygulanmas\u0131yla ilgili olarak haz\u0131rlanan&nbsp; \u201cYeni Bitki \u00c7e\u015fitlerine Ait Islah\u00e7\u0131 Haklar\u0131n\u0131n Korunmas\u0131na Dair Y\u00f6netmelik\u201d ile \u201c\u00c7ift\u00e7i \u0130stisnas\u0131 Uygulama Esaslar\u0131 Y\u00f6netmeli\u011fi\u201d&nbsp; 12 A\u011fustos 2004 tarihinde Resmi Gazete\u2019de yay\u0131mlanarak y\u00fcr\u00fcrl\u00fc\u011fe girmi\u015ftir.<\/p>\n\n\n\n<p style=\"font-size:14px\">T\u00fcrkiye 18 Kas\u0131m 2007 itibariyle 65. \u00fcye olarak UPOV\u2019a dahil olmu\u015ftur.<br><br><strong>UPOV \u00dcYE &nbsp;\u00dcLKELER L\u0130STES\u0130<\/strong><\/p>\n\n\n\n<figure class=\"wp-block-table\" style=\"font-size:14px\"><table><tbody><tr><td>Arnavutluk<br>Arjantin<br>Avusturalya<br>Avusturya<br>Azerbaycan<br>Belarus<br>Bel\u00e7ika<br>Bolivya<br>Brezilya<br>Bulgaristan<br>Kanada<br>\u015eili<br>\u00c7in<br>Kolombiya<br>\u00c7ek Cumhuriyeti<br>Dominik Cumhuriyeti<br>Ekvator<br>Estonya<br>Avrupa Birli\u011fi<br>Finlandiya<br>Fransa<br>Almanya<br>Macaristan<br>Izlanda<br>Irlanda<br>Israil<br>Italya<br>Japonya<br>\u00dcrd\u00fcn<br>Kenya<br>K\u0131rg\u0131zistan<\/td><td>Letonya<br>Litvanya<br>Meksika<br>Moldova<br>Fas<br>Hollanda<br>Yeni Zelanda<br>Nikaragua<br>Norve\u00e7<br>Panama<br>Paraguay<br>Polonya<br>Portekiz<br>Kore<br>Romanya<br>Rusya Federasyonu<br>Singapur<br>Slovakya<br>Slovenya<br>G\u00fcney Afrika<br>\u0130spanya<br>\u0130sve\u00e7<br>\u0130svi\u00e7re<br>Trinidad &#8211; Tobago<br>Tunus<br>Turkiye<br>Ukrayna<br>\u0130ngiltere<br>Amerika<br>Uruguay<br>\u00d6zbekistan<br>Vietnam<\/td><\/tr><\/tbody><\/table><\/figure>\n\n\n\n<p style=\"font-size:14px\">U P O V s\u00f6zle\u015fmesinin (Yeni Bitki \u00c7e\u015fitlerinin Korunmas\u0131 Uluslararas\u0131 Birli\u011fi) 1991 karar\u0131n\u0131n ilkelerine dayanan yeni bitki \u00e7e\u015fitlerinin korunmas\u0131 sisteminin uygulamalar\u0131 tar\u0131m\u0131n geli\u015fmesine katk\u0131da bulunmaktad\u0131r. Bu uygulamalar sayesinde \u0131slah\u00e7\u0131lar geli\u015ftirdikleri \u00e7e\u015fitlerin gelirleri ile yeni \u00e7e\u015fitlerin \u0131slah\u0131 i\u00e7in kaynak elde etmekte,&nbsp; yeti\u015ftiriciler ise yeni geli\u015ftirilen \u00e7e\u015fitlerde hastal\u0131klara daha dayan\u0131kl\u0131, daha kaliteli daha g\u00fcvenli ve daha verimli olma \u00f6zelliklerini aramaktad\u0131r. Bitki \u00e7e\u015fitlerinin korunmas\u0131 sistemiyle bu \u00f6zelliklerin geli\u015ftirilmesi te\u015fvik edilmekte ve \u00e7e\u015fitleri geli\u015ftiren \u0131slah\u00e7\u0131lar\u0131n haklar\u0131&nbsp; bu sistemle korunmaktad\u0131r.<\/p>\n\n\n\n<p><strong>\u00c7E\u015e\u0130T KORUMANIN \u015eARTLARI<\/strong><\/p>\n\n\n\n<p style=\"font-size:14px\">Ba\u015fvuru yap\u0131lan \u00e7e\u015fidin a\u015fa\u011f\u0131daki genel \u015fartlar\u0131 ta\u015f\u0131mas\u0131 gerekmektedir;<\/p>\n\n\n\n<p style=\"font-size:14px\">1-Yenilik;&nbsp;Bir \u00e7e\u015fidin \u00e7o\u011falt\u0131m veya hasat edilmi\u015f materyali; \u0131slah\u00e7\u0131 hakk\u0131 i\u00e7in ba\u015fvurunun yap\u0131ld\u0131\u011f\u0131 tarihten geriye do\u011fru yurt i\u00e7inde bir y\u0131l, yurt d\u0131\u015f\u0131nda d\u00f6rt y\u0131l, a\u011fa\u00e7 ve asmalarda alt\u0131 y\u0131l \u00f6ncesine kadar kullan\u0131m amac\u0131yla hak sahibi taraf\u0131ndan veya onun r\u0131zas\u0131yla sat\u0131lmam\u0131\u015f veya umuma sunulmam\u0131\u015f ise \u00e7e\u015fit yeni kabul edilir.<\/p>\n\n\n\n<p style=\"font-size:14px\">2-Farkl\u0131l\u0131k;&nbsp;Ba\u015fvuru veya r\u00fc\u00e7han hakk\u0131 tarihinde, herkes\u00e7e bilinen \u00e7e\u015fitlerden a\u00e7\u0131k\u00e7a ay\u0131rt edilebilen \u00e7e\u015fit, farkl\u0131 say\u0131l\u0131r.<\/p>\n\n\n\n<p style=\"font-size:14px\">3-Yeknesakl\u0131k;&nbsp;Kullan\u0131lan \u00e7o\u011falt\u0131m metoduna ba\u011fl\u0131 olan muhtemel de\u011fi\u015fiklikler d\u0131\u015f\u0131nda, ilgili \u00f6zellikler bak\u0131m\u0131ndan bir \u00f6rneklik g\u00f6steren \u00e7e\u015fit, yeknesak kabul edilir.<\/p>\n\n\n\n<p style=\"font-size:14px\">4-Durulmu\u015fluk;&nbsp;Birbirini izleyen \u00e7o\u011falt\u0131mlar s\u0131ras\u0131nda veya belirli \u00e7o\u011falt\u0131m d\u00f6nemleri sonunda ilgili \u00f6zellikleri de\u011fi\u015fmeksizin ayn\u0131 kalan \u00e7e\u015fit, durulmu\u015f kabul edilir.<\/p>\n\n\n\n<p style=\"font-size:14px\">5-\u0130simlendirme; Korunan bir \u00e7e\u015fidin ismi onun umum\u00ee ism\u00ee haline gelir. Korunan bir \u00e7e\u015fidin \u00e7o\u011falt\u0131m materyalini satan veya ba\u015fka \u015fekilde pazarlayan herkes \u00e7e\u015fidin bu ismini kullanmak zorundad\u0131r.<\/p>\n\n\n\n<p style=\"font-size:14px\">\u00c7e\u015fidin&nbsp; ismi \u00e7e\u015fidin a\u00e7\u0131k\u00e7a tan\u0131mlanmas\u0131na olanak vermeli ve ayn\u0131 botanik t\u00fcr\u00fcn veya akraba bir t\u00fcr\u00fcn mevcut bir \u00e7e\u015fidini tan\u0131mlayan bir isimlendirmeden farkl\u0131 olmal\u0131d\u0131r. Ayr\u0131ca y\u00f6netmeliklerde yer alan ba\u015fvuru prosed\u00fcrleri ile ilgili di\u011fer \u015fartlar\u0131 da kar\u015f\u0131lamas\u0131 gerekir.<\/p>\n\n\n\n<p><strong>Kimler ba\u015fvuru yapabilir?<\/strong><\/p>\n\n\n\n<p style=\"font-size:14px\">T.C vatanda\u015f\u0131 olarak \u00fclkemizde ikamet eden&nbsp; ger\u00e7ek ve t\u00fczel ki\u015filer ba\u015fvuruda bulunur. UPOV S\u00f6zle\u015fmesi h\u00fck\u00fcmleri dahilinde ba\u015fvuru hakk\u0131na sahip ki\u015filer ise T\u00fcrkiye\u2019de ikametg\u00e2h\u0131 olan bir vekil tayin etmek ko\u015fuluyla ba\u015fvuru hakk\u0131ndan yararlan\u0131r.<\/p>\n\n\n\n<p><strong>BA\u015eVURU A\u015eAMALARI<\/strong><\/p>\n\n\n\n<p><strong>M\u00fcracaat\u0131n Yap\u0131lmas\u0131;<\/strong><\/p>\n\n\n\n<p style=\"font-size:14px\">Ba\u015fvuru i\u00e7in, ba\u015fvuru \u00fccretinin yat\u0131r\u0131ld\u0131\u011f\u0131na dair banka dekontu ile ba\u015fvuru formunun doldurulmas\u0131 ve talep edilen belgelerin eklenmesiyle olu\u015fturulan dosyan\u0131n sunulmas\u0131 gerekmektedir.<\/p>\n\n\n\n<p><strong>Ba\u015fvurunun incelenmesi;<\/strong><\/p>\n\n\n\n<p style=\"font-size:14px\">Ba\u015fvurular; konunun uzmanlar\u0131 ve Hukuk m\u00fc\u015favirli\u011fi&#8217;nden bir hukuk m\u00fc\u015favirinin kat\u0131l\u0131m\u0131 ile olu\u015fturulan komisyon taraf\u0131ndan incelenir. Yenilik ve isim,&nbsp; incelemede esas konulard\u0131r. Komisyon taraf\u0131ndan yap\u0131lan incelemede bir eksiklik tespit edilmezse ba\u015fvurular kabul edilir.<\/p>\n\n\n\n<p><strong>Ba\u015fvurular\u0131n Yay\u0131mlanmas\u0131;<\/strong><\/p>\n\n\n\n<p>Kabul edilen her ba\u015fvuruya bir numara verilir ve k\u00fct\u00fc\u011fe kaydedilir.<\/p>\n\n\n\n<p style=\"font-size:14px\">Ba\u015fvurular\u0131n yer ald\u0131\u011f\u0131 b\u00fclten yay\u0131mlan\u0131r. Ba\u015fvuruya s\u00fcresi i\u00e7inde itiraz yoksa teknik inceleme safhas\u0131na ge\u00e7ilir.<\/p>\n\n\n\n<p style=\"font-size:14px\">Teknik inceleme kurulu\u015funun, inceleme raporlar\u0131n\u0131 Genel M\u00fcd\u00fcrl\u00fc\u011fe g\u00f6ndermesinden sonra, Genel M\u00fcd\u00fcrl\u00fck taraf\u0131ndan kurulu\u015flar itibariyle ve bitki gruplar\u0131 esas al\u0131narak Islah\u00e7\u0131 Hakk\u0131 Tescil Komitesi olu\u015fturulur. Tescil Komitesinde g\u00f6r\u00fc\u015f\u00fclen ve de\u011ferlendirilen \u00e7e\u015fitler oylanarak\u00a0 komite karar\u0131 ile koruma alt\u0131na al\u0131n\u0131r. Korumaya al\u0131nan \u00e7e\u015fide ilgili mevzuatlarda yer alan esaslar d\u00e2hilinde bir isim verilir ve bu isimle \u00e7e\u015fidin \u0131slah\u00e7\u0131 hakk\u0131 tescil edilerek k\u00fct\u00fc\u011fe kaydedilir. Daha sonra \u0131slah\u00e7\u0131 hakk\u0131 tescil edilen \u00e7e\u015fitlerin yer ald\u0131\u011f\u0131 b\u00fclten yay\u0131mlan\u0131r.<\/p>\n\n\n\n<p><strong>Teknik \u0130nceleme;<\/strong><\/p>\n\n\n\n<p style=\"font-size:14px\">Bu incelemenin amac\u0131;<\/p>\n\n\n\n<p style=\"font-size:14px\">a) \u00c7e\u015fidin belirtilen botanik s\u0131n\u0131fa ait oldu\u011funun teyit edilmesi,<br><br>b) \u00c7e\u015fidin farkl\u0131, yeknesak ve durulmu\u015f oldu\u011funun tespit edilmesi,<br><br>c) \u00c7e\u015fidin (a) ve (b) bentlerindeki \u015fartlara uymas\u0131 halinde, \u00e7e\u015fit \u00f6zellik belgesinin haz\u0131rlanmas\u0131d\u0131r.<\/p>\n\n\n\n<p style=\"font-size:14px\">FYD testleri TTSMM taraf\u0131ndan yap\u0131lmaktad\u0131r. Ba\u015fvurusu yap\u0131lan \u00e7e\u015fitler ayn\u0131 t\u00fcr\u00fcn benzer \u00e7e\u015fitleriyle kar\u015f\u0131la\u015ft\u0131r\u0131l\u0131r.<\/p>\n\n\n\n<p style=\"font-size:14px\">Koruma s\u00fcresi \u0131slah\u00e7\u0131 hakk\u0131n\u0131n tescilinden itibaren yirmi be\u015f y\u0131ld\u0131r. Bu s\u00fcre a\u011fa\u00e7lar, asmalar ve patates i\u00e7in otuz y\u0131ld\u0131r<\/p>\n","protected":false},"excerpt":{"rendered":"<p>Yeni bitki \u00e7e\u015fitleri \u00fczerine inhisari haklar Yeni bir bitki \u00e7e\u015fidini \u0131slah eden veya bulan ya da geli\u015ftiren ki\u015fiye inhisari haklar tan\u0131nm\u0131\u015ft\u0131r. Yeni, farkl\u0131, yeknesak ve durulmu\u015f bitki \u00e7e\u015fitleri hakk\u0131nda koruma sa\u011flan\u0131r. Bir \u00e7e\u015fidin \u00e7o\u011falt\u0131m veya hasat edilmi\u015f materyali, \u0131slah\u00e7\u0131 hakk\u0131 i\u00e7in ba\u015fvurunun yap\u0131ld\u0131\u011f\u0131 tarihten geriye do\u011fru yurti\u00e7inde bir y\u0131l, yurtd\u0131\u015f\u0131nda d\u00f6rt y\u0131l, a\u011fa\u00e7 ve asmalarda &hellip; <\/p>\n<p class=\"link-more\"><a href=\"https:\/\/www.bosphoruspatent.com\/?page_id=131\" class=\"more-link\">Okumaya devam et<span class=\"screen-reader-text\"> &#8220;Bitki Haklar\u0131&#8221;<\/span><\/a><\/p>\n","protected":false},"author":1,"featured_media":0,"parent":0,"menu_order":0,"comment_status":"closed","ping_status":"closed","template":"","meta":[],"_links":{"self":[{"href":"https:\/\/www.bosphoruspatent.com\/index.php?rest_route=\/wp\/v2\/pages\/131"}],"collection":[{"href":"https:\/\/www.bosphoruspatent.com\/index.php?rest_route=\/wp\/v2\/pages"}],"about":[{"href":"https:\/\/www.bosphoruspatent.com\/index.php?rest_route=\/wp\/v2\/types\/page"}],"author":[{"embeddable":true,"href":"https:\/\/www.bosphoruspatent.com\/index.php?rest_route=\/wp\/v2\/users\/1"}],"replies":[{"embeddable":true,"href":"https:\/\/www.bosphoruspatent.com\/index.php?rest_route=%2Fwp%2Fv2%2Fcomments&post=131"}],"version-history":[{"count":3,"href":"https:\/\/www.bosphoruspatent.com\/index.php?rest_route=\/wp\/v2\/pages\/131\/revisions"}],"predecessor-version":[{"id":135,"href":"https:\/\/www.bosphoruspatent.com\/index.php?rest_route=\/wp\/v2\/pages\/131\/revisions\/135"}],"wp:attachment":[{"href":"https:\/\/www.bosphoruspatent.com\/index.php?rest_route=%2Fwp%2Fv2%2Fmedia&parent=131"}],"curies":[{"name":"wp","href":"https:\/\/api.w.org\/{rel}","templated":true}]}}