{"id":136,"date":"2022-12-11T14:14:28","date_gmt":"2022-12-11T14:14:28","guid":{"rendered":"https:\/\/www.bosphoruspatent.com\/?page_id=136"},"modified":"2022-12-11T14:14:28","modified_gmt":"2022-12-11T14:14:28","slug":"cografi-isaretler","status":"publish","type":"page","link":"https:\/\/www.bosphoruspatent.com\/?page_id=136","title":{"rendered":"\u00c7o\u011frafi \u0130\u015faretler"},"content":{"rendered":"\n<p style=\"font-size:14px\"><strong>Co\u011frafi i\u015faret<\/strong>, belirgin bir niteli\u011fi, \u00fcn\u00fc veya di\u011fer \u00f6zellikleri itibar\u0131yla k\u00f6keninin bulundu\u011fu bir y\u00f6re, alan, b\u00f6lge veya \u00fclke ile \u00f6zde\u015fle\u015fmi\u015f bir \u00fcr\u00fcn\u00fc g\u00f6steren i\u015farettir. T\u00fcrkiye\u2019de co\u011frafi i\u015faretler, men\u015fe ad\u0131 ve mahre\u00e7 i\u015fareti olmak \u00fczere ikiye ayr\u0131l\u0131r.\u00a0<strong>Co\u011frafi i\u015faret tescilinin<\/strong>\u00a0amac\u0131, co\u011frafi kaynak g\u00f6steren \u00fcr\u00fcnlerin adlar\u0131n\u0131n koruma alt\u0131na al\u0131nmas\u0131n\u0131 ve belirli bir kalitenin i\u015fareti olarak kullan\u0131lmas\u0131n\u0131 sa\u011flamakt\u0131r. \u00dcr\u00fcn\u00fcn \u00fcreticisi olan ger\u00e7ek ve t\u00fczel ki\u015filer, t\u00fcketici dernekleri, konu ve co\u011frafi y\u00f6re ile ilgili kamu kurulu\u015flar\u0131 co\u011frafi i\u015faret ba\u015fvurusu yapma hakk\u0131na sahiptir.<\/p>\n\n\n\n<p style=\"font-size:14px\">\u00dcr\u00fcn\u00fcn \u00fcreticisi olan ger\u00e7ek ve t\u00fczel ki\u015filer, t\u00fcketici dernekleri, konu ve co\u011frafi y\u00f6re ile ilgili kamu kurulu\u015flar\u0131 co\u011frafi i\u015faret ba\u015fvurusu yapma hakk\u0131na sahiptir.<\/p>\n","protected":false},"excerpt":{"rendered":"<p>Co\u011frafi i\u015faret, belirgin bir niteli\u011fi, \u00fcn\u00fc veya di\u011fer \u00f6zellikleri itibar\u0131yla k\u00f6keninin bulundu\u011fu bir y\u00f6re, alan, b\u00f6lge veya \u00fclke ile \u00f6zde\u015fle\u015fmi\u015f bir \u00fcr\u00fcn\u00fc g\u00f6steren i\u015farettir. T\u00fcrkiye\u2019de co\u011frafi i\u015faretler, men\u015fe ad\u0131 ve mahre\u00e7 i\u015fareti olmak \u00fczere ikiye ayr\u0131l\u0131r.\u00a0Co\u011frafi i\u015faret tescilinin\u00a0amac\u0131, co\u011frafi kaynak g\u00f6steren \u00fcr\u00fcnlerin adlar\u0131n\u0131n koruma alt\u0131na al\u0131nmas\u0131n\u0131 ve belirli bir kalitenin i\u015fareti olarak kullan\u0131lmas\u0131n\u0131 sa\u011flamakt\u0131r. \u00dcr\u00fcn\u00fcn &hellip; <\/p>\n<p class=\"link-more\"><a href=\"https:\/\/www.bosphoruspatent.com\/?page_id=136\" class=\"more-link\">Okumaya devam et<span class=\"screen-reader-text\"> &#8220;\u00c7o\u011frafi \u0130\u015faretler&#8221;<\/span><\/a><\/p>\n","protected":false},"author":1,"featured_media":0,"parent":0,"menu_order":0,"comment_status":"closed","ping_status":"closed","template":"","meta":[],"_links":{"self":[{"href":"https:\/\/www.bosphoruspatent.com\/index.php?rest_route=\/wp\/v2\/pages\/136"}],"collection":[{"href":"https:\/\/www.bosphoruspatent.com\/index.php?rest_route=\/wp\/v2\/pages"}],"about":[{"href":"https:\/\/www.bosphoruspatent.com\/index.php?rest_route=\/wp\/v2\/types\/page"}],"author":[{"embeddable":true,"href":"https:\/\/www.bosphoruspatent.com\/index.php?rest_route=\/wp\/v2\/users\/1"}],"replies":[{"embeddable":true,"href":"https:\/\/www.bosphoruspatent.com\/index.php?rest_route=%2Fwp%2Fv2%2Fcomments&post=136"}],"version-history":[{"count":1,"href":"https:\/\/www.bosphoruspatent.com\/index.php?rest_route=\/wp\/v2\/pages\/136\/revisions"}],"predecessor-version":[{"id":138,"href":"https:\/\/www.bosphoruspatent.com\/index.php?rest_route=\/wp\/v2\/pages\/136\/revisions\/138"}],"wp:attachment":[{"href":"https:\/\/www.bosphoruspatent.com\/index.php?rest_route=%2Fwp%2Fv2%2Fmedia&parent=136"}],"curies":[{"name":"wp","href":"https:\/\/api.w.org\/{rel}","templated":true}]}}