{"id":142,"date":"2022-12-11T14:18:17","date_gmt":"2022-12-11T14:18:17","guid":{"rendered":"https:\/\/www.bosphoruspatent.com\/?page_id=142"},"modified":"2022-12-11T15:10:10","modified_gmt":"2022-12-11T15:10:10","slug":"koral-hukuk-burosu","status":"publish","type":"page","link":"https:\/\/www.bosphoruspatent.com\/?page_id=142","title":{"rendered":"Koral Hukuk B\u00fcrosu"},"content":{"rendered":"\n<p><strong>F\u0130GEN<\/strong> <strong>KORAL B\u0130NYILDIZ \u00a0(KURUCU)<\/strong><\/p>\n\n\n\n<p style=\"font-size:14px\">M\u00fcvekkillerimizin s\u00fcrekli de\u011fi\u015fen ve geli\u015fen ihtiya\u00e7lar\u0131n\u0131n kar\u015f\u0131lanmas\u0131 ile ulusal ve uluslararas\u0131 alanda \u015eirketler Hukuku, Yabanc\u0131 Yat\u0131r\u0131mlar, Sermaye Piyasas\u0131 Hukuku, Ticaret Hukuku, Ticari davalar, Vergi Hukuku, Fikri M\u00fclkiyet Hukuku, \u015eirket Birle\u015fmeleri, Patent, Marka, End\u00fcstriyel Tasar\u0131m haklar\u0131n\u0131n korunmas\u0131, Haks\u0131z rekabet, Copyright, S\u0131nai ve fikri m\u00fclkiyet hukuku alan\u0131nda Domain Name anla\u015fmazl\u0131klar\u0131n\u0131n \u00e7\u00f6z\u00fcm\u00fc, \u015eirket Kurulu\u015fu, \u015eirket Birle\u015fmesi konular\u0131nda avukatl\u0131k ve hukuki dan\u0131\u015fmanl\u0131k hizmetleri vermektedir.<br>Yurtd\u0131\u015f\u0131ndaki Partner Hukuk B\u00fcrolar\u0131 vas\u0131tas\u0131zlar\u0131 ile uluslararas\u0131 alanda da t\u00fcm m\u00fcvekkillerimize en do\u011fru \u00e7\u00f6z\u00fcm ve kaliteli hizmeti sunmak hedefimizdir.<br><br>Hukuk B\u00fcromuz, 1991 y\u0131l\u0131nda kurularak faaliyetlerine ba\u015flam\u0131\u015ft\u0131r. Adalet, \u0130nsan Haklar\u0131 ve Evrensel Hukuk Kurallar\u0131 gibi temel de\u011ferlere y\u00fcrekten ba\u011fl\u0131, hukuki ve ekonomik konularda d\u00fcnyadaki geli\u015fmeleri yak\u0131ndan takip eden , yeniliklere ve de\u011fi\u015fimlere a\u00e7\u0131k vizyonu olan b\u00fcromuz g\u00fcven, vefa, sadakat, disiplin, a\u00e7\u0131kl\u0131k ve m\u00fcvekkil memnuniyeti ilkelerine dayal\u0131 bir hizmet anlay\u0131\u015f\u0131n\u0131 benimsemi\u015ftir.<\/p>\n\n\n\n<p><strong>Uzmanl\u0131k Alanlar\u0131m\u0131z<\/strong><\/p>\n\n\n\n<ul style=\"font-size:14px\">\n<li>\u015eirketler Hukuku<\/li>\n\n\n\n<li>Fikri M\u00fclkiyet Hukuku<\/li>\n\n\n\n<li>\u015eirket Birle\u015fme ve Devralmalar\u0131<\/li>\n\n\n\n<li>Sermaye Piyasas\u0131 Hukuku<\/li>\n\n\n\n<li>K\u0131ymetli Evrak Hukuku<\/li>\n\n\n\n<li>Ulusal ve Uluslararas\u0131 S\u00f6zle\u015fmeler Haz\u0131rlanmas\u0131<\/li>\n\n\n\n<li>Tahkim<\/li>\n\n\n\n<li>Uluslararas\u0131 Ticaret Hukuku<\/li>\n\n\n\n<li>\u0130cra ve \u0130flas Hukuku<\/li>\n\n\n\n<li>Medeni Hukuk<\/li>\n\n\n\n<li>\u0130\u015f Hukuku<\/li>\n\n\n\n<li>Vergi Hukuku<\/li>\n\n\n\n<li>E\u015fya Hukuku<\/li>\n\n\n\n<li>Enerji Hukuku<\/li>\n\n\n\n<li>Ceza Hukuku<\/li>\n\n\n\n<li>\u0130dare Hukuku<\/li>\n\n\n\n<li>Rekabet Hukuku<\/li>\n\n\n\n<li>Sigorta Hukuku<\/li>\n\n\n\n<li>Ta\u015f\u0131ma Hukuku<\/li>\n\n\n\n<li>Banka ve Finans Hukuku<\/li>\n\n\n\n<li>\u0130leti\u015fim Hukuku<\/li>\n\n\n\n<li>Ta\u015f\u0131nmaz Hukuku<\/li>\n\n\n\n<li>Kat M\u00fclkiyeti Hukuku<\/li>\n<\/ul>\n","protected":false},"excerpt":{"rendered":"<p>F\u0130GEN KORAL B\u0130NYILDIZ \u00a0(KURUCU) M\u00fcvekkillerimizin s\u00fcrekli de\u011fi\u015fen ve geli\u015fen ihtiya\u00e7lar\u0131n\u0131n kar\u015f\u0131lanmas\u0131 ile ulusal ve uluslararas\u0131 alanda \u015eirketler Hukuku, Yabanc\u0131 Yat\u0131r\u0131mlar, Sermaye Piyasas\u0131 Hukuku, Ticaret Hukuku, Ticari davalar, Vergi Hukuku, Fikri M\u00fclkiyet Hukuku, \u015eirket Birle\u015fmeleri, Patent, Marka, End\u00fcstriyel Tasar\u0131m haklar\u0131n\u0131n korunmas\u0131, Haks\u0131z rekabet, Copyright, S\u0131nai ve fikri m\u00fclkiyet hukuku alan\u0131nda Domain Name anla\u015fmazl\u0131klar\u0131n\u0131n \u00e7\u00f6z\u00fcm\u00fc, \u015eirket Kurulu\u015fu, &hellip; <\/p>\n<p class=\"link-more\"><a href=\"https:\/\/www.bosphoruspatent.com\/?page_id=142\" class=\"more-link\">Okumaya devam et<span class=\"screen-reader-text\"> &#8220;Koral Hukuk B\u00fcrosu&#8221;<\/span><\/a><\/p>\n","protected":false},"author":1,"featured_media":0,"parent":0,"menu_order":0,"comment_status":"closed","ping_status":"closed","template":"","meta":[],"_links":{"self":[{"href":"https:\/\/www.bosphoruspatent.com\/index.php?rest_route=\/wp\/v2\/pages\/142"}],"collection":[{"href":"https:\/\/www.bosphoruspatent.com\/index.php?rest_route=\/wp\/v2\/pages"}],"about":[{"href":"https:\/\/www.bosphoruspatent.com\/index.php?rest_route=\/wp\/v2\/types\/page"}],"author":[{"embeddable":true,"href":"https:\/\/www.bosphoruspatent.com\/index.php?rest_route=\/wp\/v2\/users\/1"}],"replies":[{"embeddable":true,"href":"https:\/\/www.bosphoruspatent.com\/index.php?rest_route=%2Fwp%2Fv2%2Fcomments&post=142"}],"version-history":[{"count":3,"href":"https:\/\/www.bosphoruspatent.com\/index.php?rest_route=\/wp\/v2\/pages\/142\/revisions"}],"predecessor-version":[{"id":157,"href":"https:\/\/www.bosphoruspatent.com\/index.php?rest_route=\/wp\/v2\/pages\/142\/revisions\/157"}],"wp:attachment":[{"href":"https:\/\/www.bosphoruspatent.com\/index.php?rest_route=%2Fwp%2Fv2%2Fmedia&parent=142"}],"curies":[{"name":"wp","href":"https:\/\/api.w.org\/{rel}","templated":true}]}}