{"id":16,"date":"2022-12-10T22:27:53","date_gmt":"2022-12-10T22:27:53","guid":{"rendered":"https:\/\/www.bosphoruspatent.com\/?page_id=16"},"modified":"2023-01-01T20:53:08","modified_gmt":"2023-01-01T20:53:08","slug":"faliyetlerimiz","status":"publish","type":"page","link":"https:\/\/www.bosphoruspatent.com\/?page_id=16","title":{"rendered":"Faaliyetlerimiz"},"content":{"rendered":"\n<div class=\"is-layout-flex wp-container-5 wp-block-columns alignwide\">\n<div class=\"is-layout-flow wp-elements-9184e3c17d8cb0fcb5ee3bd0e4910e0f wp-block-column is-vertically-aligned-top has-text-color has-background has-link-color\" style=\"color:#000000;background-color:#ffe97d;padding-top:2em;padding-right:2em;padding-bottom:2em;padding-left:2em\">\n<h2 class=\"has-text-align-center has-normal-font-size\" id=\"single\"><strong>MARKA<\/strong><\/h2>\n\n\n\n<hr class=\"wp-block-separator has-text-color has-css-opacity has-background is-style-wide\" style=\"background-color:#000000;color:#000000\"\/>\n\n\n\n<h2 class=\"has-text-align-center\" style=\"font-size:14px\"><a href=\"https:\/\/www.bosphoruspatent.com\/?page_id=52\">Marka Tescili ile Sahip Olunan Haklar<\/a><\/h2>\n\n\n\n<h2 class=\"has-text-align-center\" style=\"font-size:14px\"><a href=\"https:\/\/www.bosphoruspatent.com\/?page_id=59\">Marka Tescilinde &#8216;\u00dclkesellik&#8217; ilkesi<\/a><\/h2>\n\n\n\n<h2 class=\"has-text-align-center\" style=\"font-size:14px\"><a href=\"https:\/\/www.bosphoruspatent.com\/?page_id=62\">Avrupa Birli\u011fi Markas\u0131 (CTM)<\/a><\/h2>\n\n\n\n<h2 class=\"has-text-align-center\" style=\"font-size:14px\"><a href=\"https:\/\/www.bosphoruspatent.com\/?page_id=73\">Madrid Protokol\u00fc<\/a><\/h2>\n\n\n\n<p><\/p>\n\n\n\n<p class=\"has-text-align-center\">&#8211;<\/p>\n\n\n\n<h2 class=\"has-text-align-center\" style=\"font-size:14px\"> <\/h2>\n\n\n\n<p><\/p>\n\n\n\n<p><\/p>\n\n\n\n<p><\/p>\n\n\n\n<p><\/p>\n\n\n\n<p><\/p>\n\n\n\n<div class=\"is-horizontal is-content-justification-center is-layout-flex wp-container-1 wp-block-buttons alignfull\"><\/div>\n<\/div>\n\n\n\n<div class=\"is-layout-flow wp-elements-74c9025decfb2d4baaf832053f8e87f7 wp-block-column has-text-color has-background has-link-color\" style=\"color:#000000;background-color:#d1d1e1;padding-top:2em;padding-right:2em;padding-bottom:2em;padding-left:2em\">\n<h2 class=\"has-text-align-center has-normal-font-size\" id=\"family\"><strong>PATENT \/ FAYDALI MODEL<\/strong><\/h2>\n\n\n\n<hr class=\"wp-block-separator has-css-opacity is-style-wide\"\/>\n\n\n\n<h2 class=\"has-text-align-center\" style=\"font-size:14px\"><a href=\"https:\/\/www.bosphoruspatent.com\/?page_id=76\">Patent Tescili ile Sahip Olunan Haklar<\/a><\/h2>\n\n\n\n<h2 class=\"has-text-align-center\" style=\"font-size:14px\"><a href=\"https:\/\/www.bosphoruspatent.com\/?page_id=79\">Patent Tescilinde &#8216;\u00dclkesellik&#8217; ilkesi<\/a><\/h2>\n\n\n\n<h2 class=\"has-text-align-center\" style=\"font-size:14px\"><a href=\"https:\/\/www.bosphoruspatent.com\/?page_id=83\">Patent i\u015fbirli\u011fi Anla\u015fmas\u0131 (PCT)<\/a><\/h2>\n\n\n\n<h2 class=\"has-text-align-center\" style=\"font-size:14px\"><a href=\"https:\/\/www.bosphoruspatent.com\/?page_id=86\">Avrupa Patent S\u00f6zle\u015fmesi (EPC)<\/a><\/h2>\n<\/div>\n\n\n\n<div class=\"is-layout-flow wp-elements-f5a657f4bae064ce1030ae74d32b46d1 wp-block-column has-text-color has-background has-link-color\" style=\"color:#000000;background-color:#c0ebf1;padding-top:2em;padding-right:2em;padding-bottom:2em;padding-left:2em\">\n<h2 class=\"has-text-align-center has-normal-font-size\" id=\"patron\"><strong>END\u00dcSTR\u0130YEL<\/strong><\/h2>\n\n\n\n<hr class=\"wp-block-separator has-css-opacity is-style-wide\"\/>\n\n\n\n<h3 class=\"has-text-align-center\" style=\"font-size:14px\"><a href=\"https:\/\/www.bosphoruspatent.com\/?page_id=91\">End\u00fcstriyel Tasar\u0131m Tescili ile Sahip Olunan Haklar<\/a><\/h3>\n\n\n\n<h2 class=\"has-text-align-center\" style=\"font-size:14px\"><a href=\"https:\/\/www.bosphoruspatent.com\/?page_id=95\">Lahey Anla\u015fmas\u0131<\/a><\/h2>\n<\/div>\n<\/div>\n\n\n\n<div class=\"is-layout-flex wp-container-8 wp-block-columns alignwide\">\n<div class=\"is-layout-flow wp-elements-529818935a91107da467dabd331ec1ee wp-block-column is-vertically-aligned-top has-text-color has-background has-link-color\" style=\"color:#000000;background-color:#ffe97d;padding-top:2em;padding-right:2em;padding-bottom:2em;padding-left:2em\">\n<h2 class=\"has-text-align-center has-normal-font-size\" id=\"single\"><strong>D\u0130\u011eER<\/strong><\/h2>\n\n\n\n<hr class=\"wp-block-separator has-text-color has-css-opacity has-background is-style-wide\" style=\"background-color:#000000;color:#000000\"\/>\n\n\n\n<h2 class=\"has-text-align-center\" style=\"font-size:14px\"><a href=\"https:\/\/www.bosphoruspatent.com\/?page_id=154\">Fikiri ve Sanat Eserleri<\/a><\/h2>\n\n\n\n<h2 class=\"has-text-align-center\" style=\"font-size:14px\"><a href=\"https:\/\/www.bosphoruspatent.com\/?page_id=125\">Alana Adlar\u0131 Uyu\u015fmazl\u0131klar\u0131<\/a><\/h2>\n\n\n\n<h2 class=\"has-text-align-center\" style=\"font-size:14px\"><a href=\"https:\/\/www.bosphoruspatent.com\/?page_id=128\">Entegre Devrelerin Topo\u011frafyalar\u0131<\/a><\/h2>\n\n\n\n<h2 class=\"has-text-align-center\" style=\"font-size:14px\"><a href=\"https:\/\/www.bosphoruspatent.com\/?page_id=131\">Bitki Haklar\u0131<\/a><\/h2>\n\n\n\n<h2 class=\"has-text-align-center\" style=\"font-size:14px\"><a href=\"https:\/\/www.bosphoruspatent.com\/?page_id=136\">\u00c7o\u011frafi i\u015faretler<\/a><\/h2>\n\n\n\n<h2 class=\"has-text-align-center\" style=\"font-size:14px\"><a href=\"https:\/\/www.bosphoruspatent.com\/?page_id=139\">S\u00f6zle\u015fmeler<\/a><\/h2>\n\n\n\n<h2 class=\"has-text-align-center\" style=\"font-size:14px\"><a href=\"https:\/\/www.bosphoruspatent.com\/?page_id=142\">KORAL HUKUK<\/a><\/h2>\n\n\n\n<div class=\"is-horizontal is-content-justification-center is-layout-flex wp-container-6 wp-block-buttons alignfull\"><\/div>\n<\/div>\n<\/div>\n","protected":false},"excerpt":{"rendered":"<p>MARKA Marka Tescili ile Sahip Olunan Haklar Marka Tescilinde &#8216;\u00dclkesellik&#8217; ilkesi Avrupa Birli\u011fi Markas\u0131 (CTM) Madrid Protokol\u00fc &#8211; PATENT \/ FAYDALI MODEL Patent Tescili ile Sahip Olunan Haklar Patent Tescilinde &#8216;\u00dclkesellik&#8217; ilkesi Patent i\u015fbirli\u011fi Anla\u015fmas\u0131 (PCT) Avrupa Patent S\u00f6zle\u015fmesi (EPC) END\u00dcSTR\u0130YEL End\u00fcstriyel Tasar\u0131m Tescili ile Sahip Olunan Haklar Lahey Anla\u015fmas\u0131 D\u0130\u011eER Fikiri ve Sanat Eserleri &hellip; <\/p>\n<p class=\"link-more\"><a href=\"https:\/\/www.bosphoruspatent.com\/?page_id=16\" class=\"more-link\">Okumaya devam et<span class=\"screen-reader-text\"> &#8220;Faaliyetlerimiz&#8221;<\/span><\/a><\/p>\n","protected":false},"author":1,"featured_media":0,"parent":0,"menu_order":0,"comment_status":"closed","ping_status":"closed","template":"","meta":[],"_links":{"self":[{"href":"https:\/\/www.bosphoruspatent.com\/index.php?rest_route=\/wp\/v2\/pages\/16"}],"collection":[{"href":"https:\/\/www.bosphoruspatent.com\/index.php?rest_route=\/wp\/v2\/pages"}],"about":[{"href":"https:\/\/www.bosphoruspatent.com\/index.php?rest_route=\/wp\/v2\/types\/page"}],"author":[{"embeddable":true,"href":"https:\/\/www.bosphoruspatent.com\/index.php?rest_route=\/wp\/v2\/users\/1"}],"replies":[{"embeddable":true,"href":"https:\/\/www.bosphoruspatent.com\/index.php?rest_route=%2Fwp%2Fv2%2Fcomments&post=16"}],"version-history":[{"count":26,"href":"https:\/\/www.bosphoruspatent.com\/index.php?rest_route=\/wp\/v2\/pages\/16\/revisions"}],"predecessor-version":[{"id":201,"href":"https:\/\/www.bosphoruspatent.com\/index.php?rest_route=\/wp\/v2\/pages\/16\/revisions\/201"}],"wp:attachment":[{"href":"https:\/\/www.bosphoruspatent.com\/index.php?rest_route=%2Fwp%2Fv2%2Fmedia&parent=16"}],"curies":[{"name":"wp","href":"https:\/\/api.w.org\/{rel}","templated":true}]}}