{"id":240,"date":"2023-01-01T22:54:38","date_gmt":"2023-01-01T22:54:38","guid":{"rendered":"https:\/\/www.bosphoruspatent.com\/?page_id=240"},"modified":"2023-01-02T00:40:33","modified_gmt":"2023-01-02T00:40:33","slug":"240-2","status":"publish","type":"page","link":"https:\/\/www.bosphoruspatent.com\/?page_id=240","title":{"rendered":"ana men\u00fc"},"content":{"rendered":"\n<div class=\"content\">\n\n<div align=\"center\">\n\t<table cellpadding=\"3\" width=\"650\" height=\"407\" border=\"0\" cellspacing=\"3\">\n\t\t<tr>\n\t\t\t<td align=\"center\">\n<a https:\/\/www.bosphoruspatent.com\/?page_id=\"9\" href=\"https:\/\/www.bosphoruspatent.com\/?page_id=9\">\n<img decoding=\"async\" src=\"https:\/\/www.bosphoruspatent.com\/img\/pages\/kategori_marka_10.06.2015_53f5eaa.png\" alt=\"\" class=\"indexpagespicture\" border=\"0\"><\/a><\/td>\n\t\t\t<td align=\"center\">&nbsp;&nbsp;&nbsp;&nbsp;&nbsp;&nbsp;&nbsp;&nbsp;&nbsp;<\/td>\n\t\t\t<td align=\"center\">\n<a https:\/\/www.bosphoruspatent.com\/?page_id=\"34\" href=\"https:\/\/www.bosphoruspatent.com\/?page_id=34\">\n<img decoding=\"async\" src=\"https:\/\/www.bosphoruspatent.com\/img\/pages\/kategori_faydali_model_10.06.2015_8c6472e.png\" alt=\"\" class=\"indexpagespicture\" border=\"0\"><\/a><\/td>\n\t\t\t<td align=\"center\">&nbsp;&nbsp;&nbsp;&nbsp;&nbsp;&nbsp;&nbsp;&nbsp;&nbsp;<\/td>\n\t\t\t<td align=\"center\" width=\"150\">\n<a https:\/\/www.bosphoruspatent.com\/?page_id=\"41\" href=\"href=https:\/www.bosphoruspatent.com\/?page_id=41\">\n<img decoding=\"async\" src=\"https:\/\/www.bosphoruspatent.com\/img\/pages\/kategori_tasarim_10.06.2015_3736fef.png\" alt=\"\" class=\"indexpagespicture\" border=\"0\" align=\"middle\" hspace=\"2\" vspace=\"2\"><\/a><\/td>\n\t\t\t<td align=\"center\">&nbsp;&nbsp;&nbsp;&nbsp;&nbsp;&nbsp;&nbsp;&nbsp;&nbsp;<\/td>\n\t\t\t<td align=\"center\">\n<a https:\/\/www.bosphoruspatent.com\/?page_id=\"154\" href=\"https:\/\/www.bosphoruspatent.com\/?page_id=154\">\n<img decoding=\"async\" src=\"https:\/\/www.bosphoruspatent.com\/img\/pages\/kategori_fikir_sanat_eserleri_10.06.2015_8a77e46.png\" alt=\"\" class=\"indexpagespicture\" border=\"0\"><\/a><\/td>\n\t\t\t<td align=\"center\">&nbsp;&nbsp;&nbsp;&nbsp;&nbsp;&nbsp;&nbsp;&nbsp;&nbsp;<\/td>\n\t\t\t<td height=\"124\" align=\"center\">\n<a https:\/\/www.bosphoruspatent.com\/?page_id=\"125\" href=\"https:\/\/www.bosphoruspatent.com\/?page_id=125\">\n<img decoding=\"async\" src=\"https:\/\/www.bosphoruspatent.com\/img\/pages\/kategori_alan_adi_uyusmazliklari_10.06.2015_2b13ecb.png\" alt=\"\" class=\"indexpagespicture\" border=\"0\"><\/a><\/td>\n\t\t<\/tr>\n\t\t<tr>\n\t\t\t<td align=\"center\">\n\t\t\t<a style=\"text-decoration: none; font-family: Arial; font-style: normal; font-variant-ligatures: normal; font-variant-caps: normal; font-weight: 400; letter-spacing: normal; orphans: 2; text-align: center; text-indent: 0px; text-transform: none; white-space: normal; widows: 2; word-spacing: 0px; -webkit-text-stroke-width: 0px; color: rgb(102, 102, 102)\" href=\"https:\/\/www.bosphoruspatent.com\/?page_id=9\">\n\t\t\t<font size=\"2\">MARKA<\/font><\/a><\/td>\n\t\t\t<td align=\"center\"><\/td>\n\t\t\t<td align=\"center\">\n\t\t\t<a style=\"text-decoration: none; font-family: Arial; font-style: normal; font-variant-ligatures: normal; font-variant-caps: normal; font-weight: 400; letter-spacing: normal; orphans: 2; text-align: center; text-indent: 0px; text-transform: none; white-space: normal; widows: 2; word-spacing: 0px; -webkit-text-stroke-width: 0px; color: rgb(102, 102, 102)\" href=\"https:\/\/www.bosphoruspatent.com\/?page_id=34\">\n\t\t\t<font size=\"2\">PATENT\/FAYDALI MODEL<\/font><\/a><\/td>\n\t\t\t<td align=\"center\"><\/td>\n\t\t\t<td align=\"center\">\n\t\t\t<a style=\"text-decoration: none; font-family: Arial; font-style: normal; font-variant-ligatures: normal; font-variant-caps: normal; font-weight: 400; letter-spacing: normal; orphans: 2; text-align: center; text-indent: 0px; text-transform: none; white-space: normal; widows: 2; word-spacing: 0px; -webkit-text-stroke-width: 0px; color: rgb(102, 102, 102)\" href=\"https:\/\/www.bosphoruspatent.com\/?page_id=41\">\n\t\t\t<font size=\"2\">END\u00dcSTR\u0130YEL TASARIM<\/font><\/a><\/td>\n\t\t\t<td align=\"center\"><\/td>\n\t\t\t<td align=\"center\">\n\t\t\t<a style=\"text-decoration: none; font-family: Arial; font-style: normal; font-variant-ligatures: normal; font-variant-caps: normal; font-weight: 400; letter-spacing: normal; orphans: 2; text-align: center; text-indent: 0px; text-transform: none; white-space: normal; widows: 2; word-spacing: 0px; -webkit-text-stroke-width: 0px; color: rgb(102, 102, 102)\" href=\"https:\/\/www.bosphoruspatent.com\/?page_id=154\">\n\t\t\t<font size=\"2\">F\u0130K\u0130R VE SANAT ESERLER\u0130<\/font><\/a><\/td>\n\t\t\t<td align=\"center\"><\/td>\n\t\t\t<td height=\"48\" align=\"center\">\n\t\t\t<a style=\"text-decoration: none; font-family: Arial; font-style: normal; font-variant-ligatures: normal; font-variant-caps: normal; font-weight: 400; letter-spacing: normal; orphans: 2; text-align: center; text-indent: 0px; text-transform: none; white-space: normal; widows: 2; word-spacing: 0px; -webkit-text-stroke-width: 0px; color: rgb(102, 102, 102)\" href=\"https:\/\/www.bosphoruspatent.com\/?page_id=125\">\n\t\t\t<font size=\"2\">ALAN ADI UYU\u015eMAZLIKLARI<\/font><\/a><\/td>\n\t\t<\/tr>\n\t\t<tr>\n\t\t\t<td align=\"center\">\n\t\t\t<font size=\"5\">&nbsp;&nbsp;&nbsp;&nbsp;&nbsp;&nbsp;&nbsp;&nbsp;&nbsp;&nbsp;&nbsp;&nbsp;&nbsp;&nbsp;&nbsp;&nbsp;&nbsp;&nbsp;&nbsp;&nbsp;&nbsp;\n\t\t\t<\/font><\/td>\n\t\t\t<td align=\"center\">&nbsp;<\/td>\n\t\t\t<td align=\"center\">\n\t\t\t<font size=\"5\">&nbsp;&nbsp;&nbsp;&nbsp;&nbsp;&nbsp;&nbsp;&nbsp;&nbsp;&nbsp;&nbsp;&nbsp;&nbsp;&nbsp;&nbsp;&nbsp;&nbsp;&nbsp;&nbsp;&nbsp;&nbsp;\n\t\t\t<\/font><\/td>\n\t\t\t<td align=\"center\">&nbsp;<\/td>\n\t\t\t<td align=\"center\">\n\t\t\t<font size=\"5\">&nbsp;&nbsp;&nbsp;&nbsp;&nbsp;&nbsp;&nbsp;&nbsp;&nbsp;&nbsp;&nbsp;&nbsp;&nbsp;&nbsp;&nbsp;&nbsp;&nbsp;&nbsp;&nbsp;&nbsp;&nbsp;\n\t\t\t<\/font><\/td>\n\t\t\t<td align=\"center\">&nbsp;<\/td>\n\t\t\t<td align=\"center\">\n\t\t\t<font size=\"5\">&nbsp;&nbsp;&nbsp;&nbsp;&nbsp;&nbsp;&nbsp;&nbsp;&nbsp;&nbsp;&nbsp;&nbsp;&nbsp;&nbsp;&nbsp;&nbsp;&nbsp;&nbsp;&nbsp;&nbsp;&nbsp;\n\t\t\t<\/font><\/td>\n\t\t\t<td align=\"center\">&nbsp;<\/td>\n\t\t\t<td height=\"25\" align=\"center\">\n\t\t\t<font size=\"5\">&nbsp;&nbsp;&nbsp;&nbsp;&nbsp;&nbsp;&nbsp;&nbsp;&nbsp;&nbsp;&nbsp;&nbsp;&nbsp;&nbsp;&nbsp;&nbsp;&nbsp;&nbsp;&nbsp;&nbsp;&nbsp;\n\t\t\t<\/font><\/td>\n\t\t<\/tr>\n\t\t<tr>\n\t\t\t<td align=\"center\">\n\t\t\t<a href=\"https:\/\/www.bosphoruspatent.com\/?page_id=128\">\n\t\t\t<img decoding=\"async\" src=\"https:\/\/www.bosphoruspatent.com\/img\/pages\/kategori_entegre_devrelerin_topografyalari_10.06.2015_1113e1a.png\" alt=\"\" class=\"indexpagespicture\" border=\"0\"><\/a><\/td>\n\t\t\t<td align=\"center\">&nbsp;&nbsp;&nbsp;&nbsp;&nbsp;&nbsp;&nbsp;&nbsp;&nbsp;<\/td>\n\t\t\t<td align=\"center\">\n<a https:\/\/www.bosphoruspatent.com\/?page_id=\"128\" href=\"https:\/\/www.bosphoruspatent.com\/?page_id=131\">\n<img decoding=\"async\" src=\"https:\/\/www.bosphoruspatent.com\/img\/pages\/kategori_bitki_haklari_10.06.2015_4e716e5.png\" alt=\"\" class=\"indexpagespicture\" border=\"0\"><\/a><\/td>\n\t\t\t<td align=\"center\">&nbsp;&nbsp;&nbsp;&nbsp;&nbsp;&nbsp;&nbsp;&nbsp;&nbsp;<\/td>\n\t\t\t<td align=\"center\">\n<a https:\/\/www.bosphoruspatent.com\/?page_id=\"131\" href=\"https:\/\/www.bosphoruspatent.com\/?page_id=136\">\n<img decoding=\"async\" src=\"https:\/\/www.bosphoruspatent.com\/img\/pages\/kategori_cografi_isaretler_10.06.2015_34b25c7.png\" alt=\"\" class=\"indexpagespicture\" border=\"0\" align=\"middle\" hspace=\"1\" vspace=\"1\"><\/a><\/td>\n\t\t\t<td align=\"center\">&nbsp;&nbsp;&nbsp;&nbsp;&nbsp;&nbsp;&nbsp;&nbsp;&nbsp;<\/td>\n\t\t\t<td align=\"center\">\n<a https:\/\/www.bosphoruspatent.com\/?page_id=\"136\" href=\"https:\/\/www.bosphoruspatent.com\/?page_id=139\">\n<img decoding=\"async\" src=\"https:\/\/www.bosphoruspatent.com\/img\/pages\/kategori_sozlesmeler_10.06.2015_11e6a04.png\" alt=\"\" class=\"indexpagespicture\" border=\"0\"><\/a><\/td>\n\t\t\t<td align=\"center\">&nbsp;&nbsp;&nbsp;&nbsp;&nbsp;&nbsp;&nbsp;&nbsp;&nbsp;<\/td>\n\t\t\t<td height=\"130\" align=\"center\">\n<a https:\/\/www.bosphoruspatent.com\/?page_id=\"142\" href=\"https:\/\/www.bosphoruspatent.com\/?page_id=142\">\n<img decoding=\"async\" src=\"https:\/\/www.bosphoruspatent.com\/img\/pages\/kategori_hukuk_10.06.2015_8337a0c.png\" alt=\"\" class=\"indexpagespicture\" border=\"0\"><\/a><\/td>\n\t\t<\/tr>\n\t\t<tr>\n\t\t\t<td align=\"center\" width=\"110\">\n\t\t\t<a style=\"text-decoration: none; font-family: Arial; font-style: normal; font-variant-ligatures: normal; font-variant-caps: normal; font-weight: 400; letter-spacing: normal; orphans: 2; text-align: center; text-indent: 0px; text-transform: none; white-space: normal; widows: 2; word-spacing: 0px; -webkit-text-stroke-width: 0px; color: rgb(102, 102, 102)\" href=\"https:\/\/www.bosphoruspatent.com\/?page_id=128\">\n\t\t\t<font size=\"2\">ENTEGRE DEVRELER\u0130N TOPOGRAFYALARI<\/font><\/a><\/td>\n\t\t\t<td align=\"center\" width=\"36\"><\/td>\n\t\t\t<td align=\"center\" width=\"106\">\n\t\t\t<a style=\"text-decoration: none; font-family: Arial; font-style: normal; font-variant-ligatures: normal; font-variant-caps: normal; font-weight: 400; letter-spacing: normal; orphans: 2; text-align: center; text-indent: 0px; text-transform: none; white-space: normal; widows: 2; word-spacing: 0px; -webkit-text-stroke-width: 0px; color: rgb(102, 102, 102)\" href=\"https:\/\/www.bosphoruspatent.com\/?page_id=131\">\n\t\t\t<font size=\"2\">B\u0130TK\u0130 HAKLARI<\/font><\/a><\/td>\n\t\t\t<td align=\"center\" width=\"4\"><\/td>\n\t\t\t<td align=\"center\" width=\"110\">\n\t\t\t<a style=\"text-decoration: none; font-family: Arial; font-style: normal; font-variant-ligatures: normal; font-variant-caps: normal; font-weight: 400; letter-spacing: normal; orphans: 2; text-align: center; text-indent: 0px; text-transform: none; white-space: normal; widows: 2; word-spacing: 0px; -webkit-text-stroke-width: 0px; color: rgb(102, 102, 102)\" href=\"https:\/\/www.bosphoruspatent.com\/?page_id=136\">\n\t\t\t<font size=\"2\">CO\u011eRAF\u0130 \u0130\u015eARETLER<\/font><\/a><\/td>\n\t\t\t<td align=\"center\" width=\"40\"><\/td>\n\t\t\t<td align=\"center\" width=\"110\">\n\t\t\t<a style=\"text-decoration: none; font-family: Arial; font-style: normal; font-variant-ligatures: normal; font-variant-caps: normal; font-weight: 400; letter-spacing: normal; orphans: 2; text-align: center; text-indent: 0px; text-transform: none; white-space: normal; widows: 2; word-spacing: 0px; -webkit-text-stroke-width: 0px; color: rgb(102, 102, 102)\" href=\"https:\/\/www.bosphoruspatent.com\/?page_id=139\">\n\t\t\t<font size=\"2\">S\u00d6ZLE\u015eMELER<\/font><\/a><\/td>\n\t\t\t<td align=\"center\" width=\"4\"><\/td>\n\t\t\t<td align=\"center\" height=\"54\" width=\"110\">\n\t\t\t<a style=\"text-decoration: none; font-family: Arial; font-style: normal; font-variant-ligatures: normal; font-variant-caps: normal; font-weight: 400; letter-spacing: normal; orphans: 2; text-align: center; text-indent: 0px; text-transform: none; white-space: normal; widows: 2; word-spacing: 0px; -webkit-text-stroke-width: 0px; color: rgb(102, 102, 102)\" href=\"https:\/\/www.bosphoruspatent.com\/?page_id=142\">\n\t\t\t<font size=\"2\">KORAL HUKUK<\/font><\/a><\/td>\n\t\t<\/tr>\n\t<\/table>\n<\/div>\n","protected":false},"excerpt":{"rendered":"<p>&nbsp;&nbsp;&nbsp;&nbsp;&nbsp;&nbsp;&nbsp;&nbsp;&nbsp; &nbsp;&nbsp;&nbsp;&nbsp;&nbsp;&nbsp;&nbsp;&nbsp;&nbsp; &nbsp;&nbsp;&nbsp;&nbsp;&nbsp;&nbsp;&nbsp;&nbsp;&nbsp; &nbsp;&nbsp;&nbsp;&nbsp;&nbsp;&nbsp;&nbsp;&nbsp;&nbsp; MARKA PATENT\/FAYDALI MODEL END\u00dcSTR\u0130YEL TASARIM F\u0130K\u0130R VE SANAT ESERLER\u0130 ALAN ADI UYU\u015eMAZLIKLARI &nbsp;&nbsp;&nbsp;&nbsp;&nbsp;&nbsp;&nbsp;&nbsp;&nbsp;&nbsp;&nbsp;&nbsp;&nbsp;&nbsp;&nbsp;&nbsp;&nbsp;&nbsp;&nbsp;&nbsp;&nbsp; &nbsp; &nbsp;&nbsp;&nbsp;&nbsp;&nbsp;&nbsp;&nbsp;&nbsp;&nbsp;&nbsp;&nbsp;&nbsp;&nbsp;&nbsp;&nbsp;&nbsp;&nbsp;&nbsp;&nbsp;&nbsp;&nbsp; &nbsp; &nbsp;&nbsp;&nbsp;&nbsp;&nbsp;&nbsp;&nbsp;&nbsp;&nbsp;&nbsp;&nbsp;&nbsp;&nbsp;&nbsp;&nbsp;&nbsp;&nbsp;&nbsp;&nbsp;&nbsp;&nbsp; &nbsp; &nbsp;&nbsp;&nbsp;&nbsp;&nbsp;&nbsp;&nbsp;&nbsp;&nbsp;&nbsp;&nbsp;&nbsp;&nbsp;&nbsp;&nbsp;&nbsp;&nbsp;&nbsp;&nbsp;&nbsp;&nbsp; &nbsp; &nbsp;&nbsp;&nbsp;&nbsp;&nbsp;&nbsp;&nbsp;&nbsp;&nbsp;&nbsp;&nbsp;&nbsp;&nbsp;&nbsp;&nbsp;&nbsp;&nbsp;&nbsp;&nbsp;&nbsp;&nbsp; &nbsp;&nbsp;&nbsp;&nbsp;&nbsp;&nbsp;&nbsp;&nbsp;&nbsp; &nbsp;&nbsp;&nbsp;&nbsp;&nbsp;&nbsp;&nbsp;&nbsp;&nbsp; &nbsp;&nbsp;&nbsp;&nbsp;&nbsp;&nbsp;&nbsp;&nbsp;&nbsp; &nbsp;&nbsp;&nbsp;&nbsp;&nbsp;&nbsp;&nbsp;&nbsp;&nbsp; ENTEGRE DEVRELER\u0130N TOPOGRAFYALARI B\u0130TK\u0130 HAKLARI CO\u011eRAF\u0130 \u0130\u015eARETLER S\u00d6ZLE\u015eMELER KORAL HUKUK<\/p>\n","protected":false},"author":1,"featured_media":0,"parent":0,"menu_order":0,"comment_status":"closed","ping_status":"closed","template":"","meta":[],"_links":{"self":[{"href":"https:\/\/www.bosphoruspatent.com\/index.php?rest_route=\/wp\/v2\/pages\/240"}],"collection":[{"href":"https:\/\/www.bosphoruspatent.com\/index.php?rest_route=\/wp\/v2\/pages"}],"about":[{"href":"https:\/\/www.bosphoruspatent.com\/index.php?rest_route=\/wp\/v2\/types\/page"}],"author":[{"embeddable":true,"href":"https:\/\/www.bosphoruspatent.com\/index.php?rest_route=\/wp\/v2\/users\/1"}],"replies":[{"embeddable":true,"href":"https:\/\/www.bosphoruspatent.com\/index.php?rest_route=%2Fwp%2Fv2%2Fcomments&post=240"}],"version-history":[{"count":34,"href":"https:\/\/www.bosphoruspatent.com\/index.php?rest_route=\/wp\/v2\/pages\/240\/revisions"}],"predecessor-version":[{"id":288,"href":"https:\/\/www.bosphoruspatent.com\/index.php?rest_route=\/wp\/v2\/pages\/240\/revisions\/288"}],"wp:attachment":[{"href":"https:\/\/www.bosphoruspatent.com\/index.php?rest_route=%2Fwp%2Fv2%2Fmedia&parent=240"}],"curies":[{"name":"wp","href":"https:\/\/api.w.org\/{rel}","templated":true}]}}