{"id":34,"date":"2022-12-10T23:15:28","date_gmt":"2022-12-10T23:15:28","guid":{"rendered":"https:\/\/www.bosphoruspatent.com\/?page_id=34"},"modified":"2022-12-10T23:21:20","modified_gmt":"2022-12-10T23:21:20","slug":"paten-faydali-model","status":"publish","type":"page","link":"https:\/\/www.bosphoruspatent.com\/?page_id=34","title":{"rendered":"Patent &#038; Faydal\u0131 Model"},"content":{"rendered":"\n<p><strong>1- PATENT NED\u0130R?<\/strong><\/p>\n\n\n\n<p style=\"font-size:14px\">T\u00fcm \u00fclkelerin hedefi sanayide ve ekonomide geli\u015fmi\u015f olmak ve bu geli\u015fmi\u015fli\u011fi, de\u011fi\u015fen ko\u015fullar kar\u015f\u0131s\u0131nda koruyarak daha ileri g\u00f6t\u00fcrmektir. \u00dclkelerin sanayi ve ekonomi bak\u0131mlar\u0131ndan geli\u015fmesinde en \u00f6nemli etken yeni teknolojilerin \u00fcretilmesi ve bu teknolojik geli\u015fmelerin sanayiye uygulanmas\u0131d\u0131r.<\/p>\n\n\n\n<p style=\"font-size:14px\">Teknolojik geli\u015fmeler sanayideki yenilikler ve bulu\u015flar ile sa\u011flan\u0131r. Sanayideki yenilikler ve bulu\u015flar ise yeni teknolojilerin \u00fcretilmesi, yeni \u00fcr\u00fcnlerin geli\u015ftirilmesi, mevcut teknolojilerde yenilikler, geli\u015ftirmeler ve iyile\u015ftirilmeler sa\u011flanmas\u0131d\u0131r. Sanayideki yeniliklerin ve sanayiye uygulanabilen bulu\u015flar\u0131n \u00e7o\u011falmas\u0131, hem bulu\u015flara ait do\u011fru ve eksiksiz bilginin yayg\u0131nla\u015fmas\u0131 hem de bulu\u015f yap\u0131lmas\u0131n\u0131n \u00f6zendirilmesi ile sa\u011flanabilir.<\/p>\n\n\n\n<p style=\"font-size:14px\">Yenilikler ve bulu\u015flar\u0131n sanayiye uygulanmas\u0131 ve sonu\u00e7ta ekonomiye katk\u0131 sa\u011flayabilmesi i\u00e7in bulu\u015f sahibinin \u00f6d\u00fcllendirilmesi ve bulu\u015f yap\u0131lmas\u0131n\u0131n \u00f6zendirilmesi ilke olarak bir\u00e7ok \u00fclke taraf\u0131ndan benimsenmi\u015ftir. \u0130\u015fte bulu\u015f yap\u0131lmas\u0131n\u0131n \u00f6zendirilmesi i\u00e7in, bulu\u015f sahibine, bulu\u015funu kullanma ve kulland\u0131rma konusunda belirli bir s\u00fcre ayr\u0131cal\u0131k veren ve b\u00f6ylece bulu\u015f yap\u0131lmas\u0131n\u0131 \u00f6zendirerek sanayinin geli\u015fmesine yard\u0131m eden patent sistemi geli\u015ftirilmi\u015ftir.<\/p>\n\n\n\n<p style=\"font-size:14px\">Patent ile korunabilecek bulu\u015flar\u0131n &#8220;yenilik&#8221;, &#8220;tekni\u011fin bilinen durumunun a\u015f\u0131lmas\u0131&#8221; ve &#8220;sanayiye uygulanabilirlik&#8221; niteliklerini ta\u015f\u0131mas\u0131 gerekmektedir<\/p>\n\n\n\n<p style=\"font-size:14px\">1. D\u00fcnyada yeni olma,<\/p>\n\n\n\n<p style=\"font-size:14px\">2. Sanayiye uygulanabilme, ve<\/p>\n\n\n\n<p style=\"font-size:14px\">3. Tekni\u011fin bilinen durumunu a\u015fma niteliklerine sahip olmas\u0131 ve bu kriterlere uygun olan bulu\u015flar\u0131n sahiplerine belirli bir s\u00fcre boyunca (genellikle 20 y\u0131l), bulu\u015f konusu \u00fcr\u00fcn\u00fc \u00fcretme ve pazarlama hakk\u0131n\u0131n tan\u0131nmas\u0131d\u0131r.<\/p>\n\n\n\n<p><strong>2- FAYDALI MODEL Nedir?<\/strong><\/p>\n\n\n\n<p style=\"font-size:14px\">K\u00fc\u00e7\u00fck Patent (Petty Patent) de denilen,&nbsp;&nbsp; k\u00fc\u00e7\u00fck \u00f6l\u00e7ekli de olsa, bulu\u015f yap\u0131lmas\u0131n\u0131n \u00f6zendirilmesi ve yine k\u00fc\u00e7\u00fck bulu\u015flar\u0131n&nbsp; korunmas\u0131na uygulanan faydal\u0131 model korumas\u0131nda ise;&nbsp; yaln\u0131zca yenilik ve sanayiye uygulanabilir olma kriterleri aranmakta olup Tekni\u011fin bilinen durumunu a\u015fma kriteri aranmamaktad\u0131r.<\/p>\n\n\n\n<p style=\"font-size:14px\">Buradaki yenilik de yine mutlak yeniliktir. Usuller ve bu usuller sonucunda elde edilen \u00fcr\u00fcnler ile kimyasal maddelere ili\u015fkin bulu\u015flar koruma kriterlerini haiz olsalar dahi faydal\u0131 model belgesi verilerek korunamazlar.<\/p>\n\n\n\n<p><strong>3- Patent\/Faydal\u0131 Model &#8216;den Do\u011fan Haklara \u0130li\u015fkin KORUMANIN BA\u015eLANGICI VE S\u00dcRES\u0130 Nedir?<\/strong><\/p>\n\n\n\n<p style=\"font-size:14px\">Patent ve faydal\u0131 model haklar\u0131n\u0131n koruma s\u00fcresi ba\u015fvuru tarihinden itibaren ba\u015flar.\u00a0Patent hakk\u0131, bulu\u015f sahibine, bulu\u015funu a\u00e7\u0131klamas\u0131 kar\u015f\u0131l\u0131\u011f\u0131nda bulu\u015f konusu \u00fcr\u00fcn\u00fc \u00fcretme, pazarlama, satma ve kulland\u0131rma konusunda tercihe g\u00f6re incelemesiz sistem i\u00e7in 7 veya incelemeli sistem i\u00e7in 20 y\u0131l ayr\u0131cal\u0131k vermekte iken faydal\u0131 model korumas\u0131nda ayn\u0131 haklar 10 y\u0131l i\u00e7in ge\u00e7erlidir.<\/p>\n\n\n\n<p style=\"font-size:14px\">Bunlar\u0131n d\u0131\u015f\u0131nda her y\u0131l\u0131n sona ermesinden \u00f6nce y\u0131ll\u0131k sicil kay\u0131t \u00fccretleri yat\u0131r\u0131lmas\u0131 gerekmektedir. Bu \u00fccretler her sene de\u011fi\u015fmektedir. Bu \u00fccretlerin zaman\u0131n yat\u0131r\u0131lmamas\u0131, patent hakk\u0131n\u0131n d\u00fc\u015fmesine neden olmaktad\u0131r.<\/p>\n\n\n\n<p><strong>4- Patent\/Faydal\u0131 Model Ba\u015fvuru Sonras\u0131 \u0130\u015flemler Nelerdir?<\/strong><\/p>\n\n\n\n<p style=\"font-size:14px\">+ PATENT BA\u015eVURUSU SONRASI \u0130\u015eLEMLER<\/p>\n\n\n\n<p style=\"font-size:14px\">Patent ba\u015fvurusu i\u015flemleri 3&nbsp; \u00f6nemli a\u015famadan olu\u015fur.<br>1-\u015eekli inceleme,<br>2-Tekni\u011fin bilinen durumuna ili\u015fkin Ara\u015ft\u0131rma Raporu<br>3-Ayr\u0131nt\u0131l\u0131 \u0130nceleme Raporu<\/p>\n\n\n\n<p style=\"font-size:14px\">+ FAYDALI MODEL BA\u015eVURUSU SONRASI \u0130\u015eLEMLER<\/p>\n\n\n\n<p style=\"font-size:14px\">Faydal\u0131 Model ba\u015fvurusu i\u015flemleri 3 a\u015famadan olu\u015fur.\u20281- \u015eekli inceleme,\u20282- Yay\u0131n ve itiraz&nbsp;\u20283- Tescil\u2028Faydal\u0131 model sistemi incelemesiz sistem olup, ba\u015fvurunun yay\u0131n\u0131na itiraz olsa dahi ba\u015fvuru tescil edilir.<\/p>\n\n\n\n<p><strong>5- Patent Ba\u015fvurusu ve&nbsp; Sistemleri nelerdir?<\/strong><\/p>\n\n\n\n<p style=\"font-size:14px\">Ulusal Patent Ba\u015fvurusu&nbsp;(T\u00fcrkiye\u2019de ge\u00e7erli),<\/p>\n\n\n\n<p style=\"font-size:14px\">T\u00fcrkiye\u2019de T\u00fcrk Patent Enstit\u00fcs\u00fc nezdinde yapaca\u011f\u0131n\u0131z bir patent \/faydal\u0131 model ba\u015fvurunuz sonras\u0131nda ald\u0131\u011f\u0131n\u0131z patent\/faydal\u0131 model belgesi ile&nbsp; bulu\u015funuz T\u00fcrkiye s\u0131n\u0131rlar\u0131 i\u00e7inde korunacak olup,&nbsp; m\u00fcnhas\u0131r kullanma ve faydalanma&nbsp; hakk\u0131 sadece T\u00fcrkiye s\u0131n\u0131rlar\u0131 i\u00e7inde Ba\u015fvuru sahibine ait olacakt\u0131r.<\/p>\n\n\n\n<p style=\"font-size:14px\">Herhangi bir yabanc\u0131 \u00fclkede yap\u0131lacak yerel patent ba\u015fvurusu,<\/p>\n\n\n\n<p style=\"font-size:14px\">Bulu\u015funuzu kullanmak ve korumak istedi\u011finiz \u00fclkenin milli ofisine yapaca\u011f\u0131n\u0131z bir Patent\/faydal\u0131 model ba\u015fvurusu ile , patentten do\u011fan haklar\u0131n\u0131z\u0131n s\u00f6zkonusu \u00fclkede korunmas\u0131n\u0131 sa\u011flayabilirsiniz.<\/p>\n\n\n\n<p style=\"font-size:14px\">Bu&nbsp; durumda, ilgili \u00fclkede patent vekili ile temsil edilme zorunlulu\u011funuz olup,&nbsp; o \u00fclkenin dilinde terc\u00fcme yapt\u0131racak, ba\u015fvuru,&nbsp; ara\u015ft\u0131rma ve inceleme \u00fccretlerini, y\u0131ll\u0131k sicil kay\u0131t yenileme \u00fccretlerini ayr\u0131ca \u00f6demeniz gerekecektir.<\/p>\n\n\n\n<p><strong>6-Patent Hakk\u0131na Tecav\u00fcz Eylemleri Nelerdir?<\/strong><\/p>\n\n\n\n<p style=\"font-size:14px\">551 Say\u0131l\u0131 Patent Haklar\u0131n\u0131n Korunmas\u0131 Hakk\u0131ndaki KHK.n\u0131n 136. Maddesine g\u00f6re;<\/p>\n\n\n\n<ul style=\"font-size:14px\">\n<li>Patent sahibinin izni olmaks\u0131z\u0131n bulu\u015f konusu \u00fcr\u00fcn\u00fc k\u0131smen veya tamamen \u00fcretme sonucu taklit etmek,<\/li>\n\n\n\n<li>K\u0131smen veya tamamen taklit suretiyle meydana getirildi\u011fini bildi\u011fi veya bilmesi gerekti\u011fi halde, tecav\u00fcz yoluyla \u00fcretilen \u00fcr\u00fcnleri satmak, da\u011f\u0131tmak veya ba\u015fka bir \u015fekilde ticaret alan\u0131na \u00e7\u0131karmak veya bu ama\u00e7lar i\u00e7in ithal etmek veya ticari ama\u00e7la elde bulundurmak ile uygulamaya koyma suretiyle kullanmak,<\/li>\n\n\n\n<li>Patent sahibinin izni olmaks\u0131z\u0131n bulu\u015f konusu usul\u00fc kullanmak veya bulu\u015f konusu usulle do\u011frudan do\u011fruya elde edilen \u00fcr\u00fcnleri satmak, da\u011f\u0131tmak veya ba\u015fka bir \u015fekilde ticaret alan\u0131na \u00e7\u0131karmak veya bu ama\u00e7lar i\u00e7in elde bulundurmak,<\/li>\n\n\n\n<li>Patent sahibi taraf\u0131ndan s\u00f6zle\u015fmeye dayal\u0131 lisans veya zorunlu lisans verilmi\u015f haklar\u0131 izinsiz geni\u015fletmek veya bu haklar\u0131 \u00fc\u00e7\u00fcnc\u00fc ki\u015filere devir etmek,<\/li>\n\n\n\n<li>Belirtilen fillere i\u015ftirak veya yard\u0131m ile bunlar\u0131 te\u015fvik etmek veya hangi \u015fekil ve \u015fartlarda olursa olsun bu fillerin yap\u0131lmas\u0131n\u0131 kolayla\u015ft\u0131rmak,<\/li>\n\n\n\n<li>Kendisinde bulunan veya haks\u0131z olarak \u00fcretilen veya ticaret alan\u0131na \u00e7\u0131kar\u0131lan e\u015fyan\u0131n nereden al\u0131nd\u0131\u011f\u0131n\u0131 veya nas\u0131l sa\u011fland\u0131\u011f\u0131n\u0131 bildirmekten ka\u00e7\u0131nmak,<\/li>\n<\/ul>\n\n\n\n<p style=\"font-size:14px\">Patent bir \u00fcr\u00fcn\u00fcn yap\u0131l\u0131\u015f\u0131na ait bir usul i\u00e7in al\u0131nm\u0131\u015fsa, ayn\u0131 nitelikleri ta\u015f\u0131yan her \u00fcr\u00fcn, patenti al\u0131nm\u0131\u015f usule g\u00f6re yap\u0131lm\u0131\u015f say\u0131l\u0131r. Usule tecav\u00fcz etmeksizin \u00fcr\u00fcn\u00fc \u00fcretti\u011fini iddia eden daval\u0131 bunu ispat etmekle y\u00fck\u00fcml\u00fcd\u00fcr.<\/p>\n\n\n\n<p style=\"font-size:14px\">Patent ba\u015fvurusu bu Kanun H\u00fckm\u00fcnde Kararnamenin 55 inci maddesine g\u00f6re yay\u0131nland\u0131\u011f\u0131 takdirde, ba\u015fvuru sahibi, bulu\u015fa vaki tecav\u00fczlerden dolay\u0131 hukuk ve ceza davas\u0131 a\u00e7maya yetkilidir. Tecav\u00fcz eden, ba\u015fvurudan veya kapsam\u0131ndan haberdar edilmi\u015f ise, ba\u015fvurunun yay\u0131nlanm\u0131\u015f olmas\u0131na bak\u0131lmaz. Tecav\u00fcz edenin k\u00f6t\u00fc niyetli oldu\u011funa mahkeme taraf\u0131ndan h\u00fckmolunursa, yay\u0131ndan \u00f6nce de tecav\u00fcz\u00fcn varl\u0131\u011f\u0131 kabul edilir.&nbsp; Ancak mahkeme, patent veya faydal\u0131 modelin verildi\u011fine ili\u015fkin ilan\u0131n ilgili b\u00fcltende yay\u0131mlanmas\u0131ndan \u00f6nce \u00f6ne s\u00fcr\u00fclen iddialar\u0131n ge\u00e7erlili\u011fine ili\u015fkin olarak karar veremez.<\/p>\n\n\n\n<p><strong>7-PATENT SAH\u0130B\u0130N\u0130N TALEPLER\u0130<\/strong><\/p>\n\n\n\n<p style=\"font-size:14px\">551 Say\u0131l\u0131 Patent Haklar\u0131n\u0131n Korunmas\u0131 Hakk\u0131ndaki KHK.n\u0131n 137. Maddesine g\u00f6re, patentten do\u011fan hakk\u0131 tecav\u00fcze u\u011frayan patent sahibi, mahkemeden, \u00f6zellikle a\u015fa\u011f\u0131daki taleplerde bulunabilir:<\/p>\n\n\n\n<p style=\"font-size:14px\">a &#8211; Patentten do\u011fan haklara tecav\u00fcz fiillerinin durdurulmas\u0131 talebi,<\/p>\n\n\n\n<p style=\"font-size:14px\">b &#8211; Tecav\u00fcz\u00fcn giderilmesi ve maddi ve manevi zarar\u0131n tazmini talebi,<\/p>\n\n\n\n<p style=\"font-size:14px\">c &#8211; Patentten do\u011fan haklara tecav\u00fcz suretiyle \u00fcretilen veya ithal edilen \u00fcr\u00fcnlere, bunlar\u0131n \u00fcretiminde do\u011frudan do\u011fruya kullan\u0131lan ara\u00e7lara ve patente ba\u011fl\u0131 bir usul\u00fcn kulan\u0131m\u0131n\u0131 sa\u011flayan ara\u00e7lara el konulmas\u0131 talebi,<\/p>\n\n\n\n<p style=\"font-size:14px\">d &#8211; M\u00fcmk\u00fcn oldu\u011fu takdirde bu f\u0131kran\u0131n \u00fc\u00e7\u00fcnc\u00fc bendi uyar\u0131nca el konulan \u00fcr\u00fcn ve ara\u00e7lar \u00fczerinde kendisine m\u00fclkiyet hakk\u0131n\u0131n tan\u0131nmas\u0131 talebi; Bu durumda, s\u00f6z konusu \u00fcr\u00fcnlerin de\u011feri, tazminat miktar\u0131ndan d\u00fc\u015f\u00fcl\u00fcr. Bu de\u011fer, kabul edilen tazminat\u0131 a\u015ft\u0131\u011f\u0131 zaman, patent sahibinin fazlay\u0131 kar\u015f\u0131 tarafa \u00f6demesi gerekir,<\/p>\n\n\n\n<p style=\"font-size:14px\">e &#8211; Patentten do\u011fan haklara tecav\u00fcz\u00fcn devam\u0131n\u0131 \u00f6nlemek \u00fczere tedbirlerin al\u0131nmas\u0131, \u00f6zellikle bu maddenin \u00fc\u00e7\u00fcnc\u00fc bendine g\u00f6re el konulan \u00fcr\u00fcnlerin ve ara\u00e7lar\u0131n \u015fekillerinin de\u011fi\u015ftirilmesi veya patentten do\u011fan haklara tecav\u00fcz\u00fcn \u00f6nlenmesi i\u00e7in, ka\u00e7\u0131n\u0131lmaz ise, imhas\u0131 talebi,<\/p>\n\n\n\n<p style=\"font-size:14px\">f &#8211; Patentten do\u011fan haklara tecav\u00fcz eden ki\u015fi aleyhine verilen mahkeme karar\u0131n\u0131n, masraflar\u0131 tecav\u00fcz eden taraf\u0131ndan kar\u015f\u0131lanarak, ilgililere tebli\u011f edilmesi ve kamuya ilan yoluyla duyurulmas\u0131 talebi.<\/p>\n\n\n\n<p style=\"font-size:14px\">Patent sahibi taraf\u0131ndan, \u00fc\u00e7\u00fcnc\u00fc ki\u015filer aleyhine a\u00e7\u0131lacak hukuk davalar\u0131nda yetkili mahkeme, davac\u0131n\u0131n ikametgah\u0131n\u0131n oldu\u011fu veya su\u00e7un i\u015flendi\u011fi veya tecav\u00fcz fiilinin etkilerinin g\u00f6r\u00fcld\u00fc\u011f\u00fc yerdeki mahkemedir.<\/p>\n\n\n\n<p style=\"font-size:14px\">Davac\u0131n\u0131n T\u00fcrkiye&#8217;de ikamet etmemesi halinde, yetkili mahkeme, sicilde kay\u0131tl\u0131 patent vekilinin i\u015f yerinin bulundu\u011fu yerdeki ve e\u011fer vekillik kayd\u0131 silinmi\u015f ise, Enstit\u00fc merkezinin bulundu\u011fu yerdeki mahkemedir.<\/p>\n\n\n\n<p style=\"font-size:14px\">\u00dc\u00e7\u00fcnc\u00fc ki\u015filer taraf\u0131ndan patent ba\u015fvurusu veya patent sahibi aleyhine a\u00e7\u0131lacak davalarda yetkili mahkeme, daval\u0131n\u0131n ikametgah\u0131n\u0131n bulundu\u011fu yerdeki mahkemedir. Patent ba\u015fvurusu veya patent sahibinin T\u00fcrkiye&#8217;de ikamet etmemesi halinde, bu maddenin \u00fc\u00e7\u00fcnc\u00fc f\u0131kras\u0131 h\u00fckm\u00fc uygulan\u0131r.<\/p>\n\n\n\n<p style=\"font-size:14px\">Birden fazla mahkemenin yetkili oldu\u011fu durumda, yetkili mahkeme, ilk davan\u0131n a\u00e7\u0131ld\u0131\u011f\u0131 mahkemedir.<\/p>\n\n\n\n<p style=\"font-size:14px\">Patent hakk\u0131 sahibi, bu hukuka ayk\u0131r\u0131 eylemlerde bulunanlar hakk\u0131nda, ihtisasla\u015fm\u0131\u015f hukuk ve ceza mahkemelerine ba\u015fvurarak h\u0131zl\u0131 ve&nbsp; etkin korunma talep edebilir.<\/p>\n\n\n\n<p><\/p>\n","protected":false},"excerpt":{"rendered":"<p>1- PATENT NED\u0130R? T\u00fcm \u00fclkelerin hedefi sanayide ve ekonomide geli\u015fmi\u015f olmak ve bu geli\u015fmi\u015fli\u011fi, de\u011fi\u015fen ko\u015fullar kar\u015f\u0131s\u0131nda koruyarak daha ileri g\u00f6t\u00fcrmektir. \u00dclkelerin sanayi ve ekonomi bak\u0131mlar\u0131ndan geli\u015fmesinde en \u00f6nemli etken yeni teknolojilerin \u00fcretilmesi ve bu teknolojik geli\u015fmelerin sanayiye uygulanmas\u0131d\u0131r. Teknolojik geli\u015fmeler sanayideki yenilikler ve bulu\u015flar ile sa\u011flan\u0131r. Sanayideki yenilikler ve bulu\u015flar ise yeni teknolojilerin \u00fcretilmesi, &hellip; <\/p>\n<p class=\"link-more\"><a href=\"https:\/\/www.bosphoruspatent.com\/?page_id=34\" class=\"more-link\">Okumaya devam et<span class=\"screen-reader-text\"> &#8220;Patent &#038; Faydal\u0131 Model&#8221;<\/span><\/a><\/p>\n","protected":false},"author":1,"featured_media":0,"parent":0,"menu_order":0,"comment_status":"closed","ping_status":"closed","template":"","meta":[],"_links":{"self":[{"href":"https:\/\/www.bosphoruspatent.com\/index.php?rest_route=\/wp\/v2\/pages\/34"}],"collection":[{"href":"https:\/\/www.bosphoruspatent.com\/index.php?rest_route=\/wp\/v2\/pages"}],"about":[{"href":"https:\/\/www.bosphoruspatent.com\/index.php?rest_route=\/wp\/v2\/types\/page"}],"author":[{"embeddable":true,"href":"https:\/\/www.bosphoruspatent.com\/index.php?rest_route=\/wp\/v2\/users\/1"}],"replies":[{"embeddable":true,"href":"https:\/\/www.bosphoruspatent.com\/index.php?rest_route=%2Fwp%2Fv2%2Fcomments&post=34"}],"version-history":[{"count":4,"href":"https:\/\/www.bosphoruspatent.com\/index.php?rest_route=\/wp\/v2\/pages\/34\/revisions"}],"predecessor-version":[{"id":40,"href":"https:\/\/www.bosphoruspatent.com\/index.php?rest_route=\/wp\/v2\/pages\/34\/revisions\/40"}],"wp:attachment":[{"href":"https:\/\/www.bosphoruspatent.com\/index.php?rest_route=%2Fwp%2Fv2%2Fmedia&parent=34"}],"curies":[{"name":"wp","href":"https:\/\/api.w.org\/{rel}","templated":true}]}}