{"id":59,"date":"2022-12-10T23:36:28","date_gmt":"2022-12-10T23:36:28","guid":{"rendered":"https:\/\/www.bosphoruspatent.com\/?page_id=59"},"modified":"2022-12-10T23:36:28","modified_gmt":"2022-12-10T23:36:28","slug":"marka-tescilinde-ulkeselligi-ilkesi","status":"publish","type":"page","link":"https:\/\/www.bosphoruspatent.com\/?page_id=59","title":{"rendered":"Marka Tescilinde \u00dclkeselli\u011fi \u0130lkesi"},"content":{"rendered":"\n<p style=\"font-size:14px\">Markalar\u0131n tescili ve korunmas\u0131nda kural olarak \u00dcLKESELL\u0130K \u0130LKES\u0130 ge\u00e7erlidir. Korunman\u0131n \u00fclkeselli\u011fi diye adland\u0131r\u0131lan bu ilke uyar\u0131nca, her devlet, marka korunmas\u0131n\u0131 sadece kendi \u00fclkesinde sa\u011flar, her devlet sadece kendi \u00fclkesindeki ihlallerde tecav\u00fcze u\u011frayan ve kendi kanunlar\u0131na g\u00f6re hak sahibi olan ki\u015finin kendi \u00fclkesindeki hukuk yollar\u0131na ba\u015fvurmas\u0131na izin verir.<\/p>\n\n\n\n<p style=\"font-size:14px\">Bu ilke uyar\u0131nca, markan\u0131n sahibi, izni olmaks\u0131z\u0131n markas\u0131n\u0131n kullan\u0131lmas\u0131na ancak T\u00fcrkiye s\u0131n\u0131rlar\u0131 i\u00e7inde engel olabilir. Yoksa T\u00fcrkiye&#8217;deki bir tescile dayan\u0131larak, markan\u0131n T\u00fcrkiye d\u0131\u015f\u0131nda bir ba\u015fka \u00fclkede kullan\u0131lmas\u0131n\u0131 yasaklayamaz. \u00dclkesellik ilkesi gere\u011fince, ayn\u0131 i\u015faret marka olarak bir\u00e7ok \u00fclkede, o \u00fclkelerin ulusal hukukuna g\u00f6re tescil edilirse, tescil edildi\u011fi \u00fclkelerin hukuklar\u0131 uyar\u0131nca, o \u00fclkelerin s\u0131n\u0131rlar\u0131 i\u00e7inde marka hakk\u0131 do\u011far. Bu nedenle, markan\u0131z\u0131 hangi&nbsp;\u00fclkede kullanmak ve korumak istiyor iseniz, o \u00fclkede markan\u0131z\u0131 tescil ettirmeniz gerekecektir. Markan\u0131z\u0131 T\u00fcrkiye&#8217;de tescil ettirmi\u015f olman\u0131z, ba\u015fka \u00fclkelerde de bu markan\u0131n size ait oldu\u011fu anlam\u0131na gelmemektedir. \u00d6zellikle ihracat yapan i\u015fletmeler, hangi \u00fclkeye ihracat yap\u0131yorlar ise bu \u00fclkelerde markalar\u0131n\u0131 tescil ettirmeliler.<\/p>\n","protected":false},"excerpt":{"rendered":"<p>Markalar\u0131n tescili ve korunmas\u0131nda kural olarak \u00dcLKESELL\u0130K \u0130LKES\u0130 ge\u00e7erlidir. Korunman\u0131n \u00fclkeselli\u011fi diye adland\u0131r\u0131lan bu ilke uyar\u0131nca, her devlet, marka korunmas\u0131n\u0131 sadece kendi \u00fclkesinde sa\u011flar, her devlet sadece kendi \u00fclkesindeki ihlallerde tecav\u00fcze u\u011frayan ve kendi kanunlar\u0131na g\u00f6re hak sahibi olan ki\u015finin kendi \u00fclkesindeki hukuk yollar\u0131na ba\u015fvurmas\u0131na izin verir. Bu ilke uyar\u0131nca, markan\u0131n sahibi, izni olmaks\u0131z\u0131n markas\u0131n\u0131n &hellip; <\/p>\n<p class=\"link-more\"><a href=\"https:\/\/www.bosphoruspatent.com\/?page_id=59\" class=\"more-link\">Okumaya devam et<span class=\"screen-reader-text\"> &#8220;Marka Tescilinde \u00dclkeselli\u011fi \u0130lkesi&#8221;<\/span><\/a><\/p>\n","protected":false},"author":1,"featured_media":0,"parent":0,"menu_order":0,"comment_status":"closed","ping_status":"closed","template":"","meta":[],"_links":{"self":[{"href":"https:\/\/www.bosphoruspatent.com\/index.php?rest_route=\/wp\/v2\/pages\/59"}],"collection":[{"href":"https:\/\/www.bosphoruspatent.com\/index.php?rest_route=\/wp\/v2\/pages"}],"about":[{"href":"https:\/\/www.bosphoruspatent.com\/index.php?rest_route=\/wp\/v2\/types\/page"}],"author":[{"embeddable":true,"href":"https:\/\/www.bosphoruspatent.com\/index.php?rest_route=\/wp\/v2\/users\/1"}],"replies":[{"embeddable":true,"href":"https:\/\/www.bosphoruspatent.com\/index.php?rest_route=%2Fwp%2Fv2%2Fcomments&post=59"}],"version-history":[{"count":1,"href":"https:\/\/www.bosphoruspatent.com\/index.php?rest_route=\/wp\/v2\/pages\/59\/revisions"}],"predecessor-version":[{"id":61,"href":"https:\/\/www.bosphoruspatent.com\/index.php?rest_route=\/wp\/v2\/pages\/59\/revisions\/61"}],"wp:attachment":[{"href":"https:\/\/www.bosphoruspatent.com\/index.php?rest_route=%2Fwp%2Fv2%2Fmedia&parent=59"}],"curies":[{"name":"wp","href":"https:\/\/api.w.org\/{rel}","templated":true}]}}