{"id":62,"date":"2022-12-10T23:59:19","date_gmt":"2022-12-10T23:59:19","guid":{"rendered":"https:\/\/www.bosphoruspatent.com\/?page_id=62"},"modified":"2022-12-11T00:02:11","modified_gmt":"2022-12-11T00:02:11","slug":"avrupa-birligi-markasi-ctm","status":"publish","type":"page","link":"https:\/\/www.bosphoruspatent.com\/?page_id=62","title":{"rendered":"Avrupa Birli\u011fi Markas\u0131 (CTM)"},"content":{"rendered":"\n<p style=\"font-size:14px\">Paris S\u00f6zle\u015fmesine taraf olan \u00fclke devletlerden birinde ikamet eden ger\u00e7ek veya t\u00fczel ki\u015filer taraf\u0131ndan Merkezi \u0130spanya&#8217;n\u0131n Alicante \u015fehrinde bulunan Birlik Markas\u0131 Merkez Ofisi&#8217;ne ( O.A.M.I. ), Avrupa Birli\u011fi&#8217;ne taraf \u00fclkelerin Ulusal ofislerine veya Benelux Marka Ofis&#8217;lerine yapacaklar\u0131 TEK B\u0130R BA\u015eVURU ile Avrupa Birli\u011fi&#8217;ne taraf ond\u00f6rt \u00fclkede marka tescili m\u00fcmk\u00fcnd\u00fcr ve bu markaya B\u0130RL\u0130K MARKASI ad\u0131 verilmektedir.<\/p>\n\n\n\n<p style=\"font-size:14px\">B\u0130RL\u0130K markas\u0131na sahip olabilmek i\u00e7in Avrupa Birli\u011fine taraf \u00fclkelerin hepsinde Markan\u0131n tescil edilmesi gerekmektedir.<\/p>\n\n\n\n<p style=\"font-size:14px\">Bu sistem \u00f6zellikle, marka tescilinde ve korumas\u0131nda \u00dcLKESELL\u0130K \u0130LKES\u0130 gere\u011fi, tek bir ba\u015fvuru ile birden fazla \u00fclkede tescilin sa\u011flanabilmesi kolayl\u0131\u011f\u0131n\u0131n yan\u0131s\u0131ra, her bir \u00fclkede tescil i\u00e7in ayr\u0131 ayr\u0131 \u00fccret \u00f6denmesi, terc\u00fcme yapt\u0131rma, vekil tayin etme ve vekillik \u00fccreti \u00f6deme y\u00fck\u00fcm ve masraflar\u0131 a\u00e7\u0131s\u0131ndan da ekonomiktir.<\/p>\n\n\n\n<p style=\"font-size:14px\">Avrupa Birlik (Topluluk) markas\u0131 \u00fcye \u00fclkeler olan; Avusturya, \u0130ngiltere, Danimarka, Almanya, Finlandiya, Fransa, Yunanistan, \u0130rlanda, \u0130talya, Bel\u00e7ika, L\u00fcxemburg, Hollanda, Portekiz, \u0130spanya, \u0130sve\u00e7, K\u0131br\u0131s Rum Kesimi, \u00c7ek Cumhuriyeti, Estonya, Macaristan,Letonya, Litvanya, Malta, Polonya, Slovakya, Slovenya&#8217;d\u0131r.<\/p>\n\n\n\n<p style=\"font-size:14px\">&#8220;TE\u015eV\u0130KLER&#8221;\u00a0hakk\u0131nda bilgi almak i\u00e7in\u00a0<strong><a href=\"https:\/\/www.bosphoruspatent.com\/?p=63\">t\u0131klay\u0131n<\/a><\/strong><\/p>\n","protected":false},"excerpt":{"rendered":"<p>Paris S\u00f6zle\u015fmesine taraf olan \u00fclke devletlerden birinde ikamet eden ger\u00e7ek veya t\u00fczel ki\u015filer taraf\u0131ndan Merkezi \u0130spanya&#8217;n\u0131n Alicante \u015fehrinde bulunan Birlik Markas\u0131 Merkez Ofisi&#8217;ne ( O.A.M.I. ), Avrupa Birli\u011fi&#8217;ne taraf \u00fclkelerin Ulusal ofislerine veya Benelux Marka Ofis&#8217;lerine yapacaklar\u0131 TEK B\u0130R BA\u015eVURU ile Avrupa Birli\u011fi&#8217;ne taraf ond\u00f6rt \u00fclkede marka tescili m\u00fcmk\u00fcnd\u00fcr ve bu markaya B\u0130RL\u0130K MARKASI ad\u0131 &hellip; <\/p>\n<p class=\"link-more\"><a href=\"https:\/\/www.bosphoruspatent.com\/?page_id=62\" class=\"more-link\">Okumaya devam et<span class=\"screen-reader-text\"> &#8220;Avrupa Birli\u011fi Markas\u0131 (CTM)&#8221;<\/span><\/a><\/p>\n","protected":false},"author":1,"featured_media":0,"parent":0,"menu_order":0,"comment_status":"closed","ping_status":"closed","template":"","meta":[],"_links":{"self":[{"href":"https:\/\/www.bosphoruspatent.com\/index.php?rest_route=\/wp\/v2\/pages\/62"}],"collection":[{"href":"https:\/\/www.bosphoruspatent.com\/index.php?rest_route=\/wp\/v2\/pages"}],"about":[{"href":"https:\/\/www.bosphoruspatent.com\/index.php?rest_route=\/wp\/v2\/types\/page"}],"author":[{"embeddable":true,"href":"https:\/\/www.bosphoruspatent.com\/index.php?rest_route=\/wp\/v2\/users\/1"}],"replies":[{"embeddable":true,"href":"https:\/\/www.bosphoruspatent.com\/index.php?rest_route=%2Fwp%2Fv2%2Fcomments&post=62"}],"version-history":[{"count":3,"href":"https:\/\/www.bosphoruspatent.com\/index.php?rest_route=\/wp\/v2\/pages\/62\/revisions"}],"predecessor-version":[{"id":72,"href":"https:\/\/www.bosphoruspatent.com\/index.php?rest_route=\/wp\/v2\/pages\/62\/revisions\/72"}],"wp:attachment":[{"href":"https:\/\/www.bosphoruspatent.com\/index.php?rest_route=%2Fwp%2Fv2%2Fmedia&parent=62"}],"curies":[{"name":"wp","href":"https:\/\/api.w.org\/{rel}","templated":true}]}}