{"id":73,"date":"2022-12-11T00:07:57","date_gmt":"2022-12-11T00:07:57","guid":{"rendered":"https:\/\/www.bosphoruspatent.com\/?page_id=73"},"modified":"2023-01-01T20:44:49","modified_gmt":"2023-01-01T20:44:49","slug":"markalarin-uluslararasi-tescil-sistemi","status":"publish","type":"page","link":"https:\/\/www.bosphoruspatent.com\/?page_id=73","title":{"rendered":"Madrid Protokol\u00fc"},"content":{"rendered":"\n<p style=\"font-size:14px\"><strong>MADR\u0130D PROTOKOL\u00dc<br><\/strong><br>G\u00fcn\u00fcm\u00fcz geli\u015fen T\u00fcrkiye ekonomisinde ve global d\u00fcnya d\u00fczeninde, marka korumas\u0131n\u0131n ulusal boyutunun yan\u0131nda uluslararas\u0131 boyutunun ula\u015ft\u0131\u011f\u0131 \u00f6nem derecesi de b\u00fcy\u00fcm\u00fc\u015f ve markalar\u0131n uluslararas\u0131 tescili art\u0131k bir zorunluluk olarak ortaya \u00e7\u0131km\u0131\u015ft\u0131r.<\/p>\n\n\n\n<p style=\"font-size:14px\">01.01.1999 tarihinden itibaren, markalar\u0131n uluslararas\u0131 tescilinde ekonomik olarak dezavantajlar\u0131 ortadan kald\u0131ran, kolayl\u0131klar getiren MADR\u0130D PROTOKOL\u00dc&#8217;n\u00fcn uygulanmas\u0131 T\u00fcrkiye\u2019de ba\u015flam\u0131\u015ft\u0131r. Bu anla\u015fma T\u00fcrk Patent Enstit\u00fcs\u00fc\u2019ne yap\u0131lacak tek bir ba\u015fvuru ile, bu protokole taraf olan \u00fclkelerde marka tesciline imkan vermektedir. Bu da her bir \u00fclke i\u00e7in ayr\u0131 ayr\u0131 \u00fccret \u00f6deme, vekil tayin etme ve terc\u00fcme \u00fccretleri k\u00fclfetini ortadan kald\u0131rmaktad\u0131r. Madrid Protokol\u00fcne taraf olan ve bu protokol uyar\u0131nca tescil talep edilebilecek&nbsp;\u00fclkelerin listesi a\u015fa\u011f\u0131da belirtilmi\u015ftir.<\/p>\n","protected":false},"excerpt":{"rendered":"<p>MADR\u0130D PROTOKOL\u00dcG\u00fcn\u00fcm\u00fcz geli\u015fen T\u00fcrkiye ekonomisinde ve global d\u00fcnya d\u00fczeninde, marka korumas\u0131n\u0131n ulusal boyutunun yan\u0131nda uluslararas\u0131 boyutunun ula\u015ft\u0131\u011f\u0131 \u00f6nem derecesi de b\u00fcy\u00fcm\u00fc\u015f ve markalar\u0131n uluslararas\u0131 tescili art\u0131k bir zorunluluk olarak ortaya \u00e7\u0131km\u0131\u015ft\u0131r. 01.01.1999 tarihinden itibaren, markalar\u0131n uluslararas\u0131 tescilinde ekonomik olarak dezavantajlar\u0131 ortadan kald\u0131ran, kolayl\u0131klar getiren MADR\u0130D PROTOKOL\u00dc&#8217;n\u00fcn uygulanmas\u0131 T\u00fcrkiye\u2019de ba\u015flam\u0131\u015ft\u0131r. Bu anla\u015fma T\u00fcrk Patent Enstit\u00fcs\u00fc\u2019ne yap\u0131lacak &hellip; <\/p>\n<p class=\"link-more\"><a href=\"https:\/\/www.bosphoruspatent.com\/?page_id=73\" class=\"more-link\">Okumaya devam et<span class=\"screen-reader-text\"> &#8220;Madrid Protokol\u00fc&#8221;<\/span><\/a><\/p>\n","protected":false},"author":1,"featured_media":0,"parent":0,"menu_order":0,"comment_status":"closed","ping_status":"closed","template":"","meta":[],"_links":{"self":[{"href":"https:\/\/www.bosphoruspatent.com\/index.php?rest_route=\/wp\/v2\/pages\/73"}],"collection":[{"href":"https:\/\/www.bosphoruspatent.com\/index.php?rest_route=\/wp\/v2\/pages"}],"about":[{"href":"https:\/\/www.bosphoruspatent.com\/index.php?rest_route=\/wp\/v2\/types\/page"}],"author":[{"embeddable":true,"href":"https:\/\/www.bosphoruspatent.com\/index.php?rest_route=\/wp\/v2\/users\/1"}],"replies":[{"embeddable":true,"href":"https:\/\/www.bosphoruspatent.com\/index.php?rest_route=%2Fwp%2Fv2%2Fcomments&post=73"}],"version-history":[{"count":2,"href":"https:\/\/www.bosphoruspatent.com\/index.php?rest_route=\/wp\/v2\/pages\/73\/revisions"}],"predecessor-version":[{"id":190,"href":"https:\/\/www.bosphoruspatent.com\/index.php?rest_route=\/wp\/v2\/pages\/73\/revisions\/190"}],"wp:attachment":[{"href":"https:\/\/www.bosphoruspatent.com\/index.php?rest_route=%2Fwp%2Fv2%2Fmedia&parent=73"}],"curies":[{"name":"wp","href":"https:\/\/api.w.org\/{rel}","templated":true}]}}