{"id":79,"date":"2022-12-11T00:12:34","date_gmt":"2022-12-11T00:12:34","guid":{"rendered":"https:\/\/www.bosphoruspatent.com\/?page_id=79"},"modified":"2022-12-11T00:13:19","modified_gmt":"2022-12-11T00:13:19","slug":"patent-tescilinde-ulkesellik-ilkesi","status":"publish","type":"page","link":"https:\/\/www.bosphoruspatent.com\/?page_id=79","title":{"rendered":"Patent&nbsp; Tescilinde \u201c\u00dcLKESELL\u0130K\u201d \u0130lkesi"},"content":{"rendered":"\n<p style=\"font-size:14px\">Burada \u00f6nemle belirtilmesi gereken di\u011fer bir husus da \u201cTESC\u0130LDE \u00dcLKESELL\u0130K \u0130LKES\u0130\u201d nin patentlerde de ge\u00e7erli olmas\u0131d\u0131r. Bulu\u015funuzu hangi \u00fclkede korumak istiyor iseniz mutlaka o \u00fclkelerde de patent ba\u015fvurusunda bulunulmas\u0131 gerekmektedir. Yani bulu\u015funuzu, sadece T\u00fcrkiye\u2019de de\u011fil, Almanya, M\u0131s\u0131r, Japonya, \u00c7in veya Amerika\u2019da korumak ve kullanmak istiyorsan\u0131z, mutlaka ilgili \u00fclkelerde de&nbsp; patent ba\u015fvurusu yapman\u0131z gerekmektedir.<\/p>\n\n\n\n<p><strong>Patent&nbsp; Tescilinde \u201c\u00dcLKESELL\u0130K\u201d \u0130lkesi<\/strong><\/p>\n\n\n\n<p style=\"font-size:14px\">Burada \u00f6nemle belirtilmesi gereken di\u011fer bir husus da \u201cTESC\u0130LDE \u00dcLKESELL\u0130K \u0130LKES\u0130\u201d nin patentlerde de ge\u00e7erli olmas\u0131d\u0131r. Bulu\u015funuzu hangi \u00fclkede korumak istiyor iseniz mutlaka o \u00fclkelerde de patent ba\u015fvurusunda bulunulmas\u0131 gerekmektedir. Yani bulu\u015funuzu, sadece T\u00fcrkiye\u2019de de\u011fil, Almanya, M\u0131s\u0131r, Japonya, \u00c7in veya Amerika\u2019da korumak ve kullanmak istiyorsan\u0131z, mutlaka ilgili \u00fclkelerde de&nbsp; patent ba\u015fvurusu yapman\u0131z gerekmektedir.<\/p>\n","protected":false},"excerpt":{"rendered":"<p>Burada \u00f6nemle belirtilmesi gereken di\u011fer bir husus da \u201cTESC\u0130LDE \u00dcLKESELL\u0130K \u0130LKES\u0130\u201d nin patentlerde de ge\u00e7erli olmas\u0131d\u0131r. Bulu\u015funuzu hangi \u00fclkede korumak istiyor iseniz mutlaka o \u00fclkelerde de patent ba\u015fvurusunda bulunulmas\u0131 gerekmektedir. Yani bulu\u015funuzu, sadece T\u00fcrkiye\u2019de de\u011fil, Almanya, M\u0131s\u0131r, Japonya, \u00c7in veya Amerika\u2019da korumak ve kullanmak istiyorsan\u0131z, mutlaka ilgili \u00fclkelerde de&nbsp; patent ba\u015fvurusu yapman\u0131z gerekmektedir. Patent&nbsp; Tescilinde &hellip; <\/p>\n<p class=\"link-more\"><a href=\"https:\/\/www.bosphoruspatent.com\/?page_id=79\" class=\"more-link\">Okumaya devam et<span class=\"screen-reader-text\"> &#8220;Patent&nbsp; Tescilinde \u201c\u00dcLKESELL\u0130K\u201d \u0130lkesi&#8221;<\/span><\/a><\/p>\n","protected":false},"author":1,"featured_media":0,"parent":0,"menu_order":0,"comment_status":"closed","ping_status":"closed","template":"","meta":[],"_links":{"self":[{"href":"https:\/\/www.bosphoruspatent.com\/index.php?rest_route=\/wp\/v2\/pages\/79"}],"collection":[{"href":"https:\/\/www.bosphoruspatent.com\/index.php?rest_route=\/wp\/v2\/pages"}],"about":[{"href":"https:\/\/www.bosphoruspatent.com\/index.php?rest_route=\/wp\/v2\/types\/page"}],"author":[{"embeddable":true,"href":"https:\/\/www.bosphoruspatent.com\/index.php?rest_route=\/wp\/v2\/users\/1"}],"replies":[{"embeddable":true,"href":"https:\/\/www.bosphoruspatent.com\/index.php?rest_route=%2Fwp%2Fv2%2Fcomments&post=79"}],"version-history":[{"count":2,"href":"https:\/\/www.bosphoruspatent.com\/index.php?rest_route=\/wp\/v2\/pages\/79\/revisions"}],"predecessor-version":[{"id":82,"href":"https:\/\/www.bosphoruspatent.com\/index.php?rest_route=\/wp\/v2\/pages\/79\/revisions\/82"}],"wp:attachment":[{"href":"https:\/\/www.bosphoruspatent.com\/index.php?rest_route=%2Fwp%2Fv2%2Fmedia&parent=79"}],"curies":[{"name":"wp","href":"https:\/\/api.w.org\/{rel}","templated":true}]}}