{"id":83,"date":"2022-12-11T00:15:54","date_gmt":"2022-12-11T00:15:54","guid":{"rendered":"https:\/\/www.bosphoruspatent.com\/?page_id=83"},"modified":"2022-12-11T00:15:54","modified_gmt":"2022-12-11T00:15:54","slug":"patent-isbirligi-anlasmasi-pct","status":"publish","type":"page","link":"https:\/\/www.bosphoruspatent.com\/?page_id=83","title":{"rendered":"Patent \u0130\u015fbirli\u011fi Anla\u015fmas\u0131 \u00a0(PCT)"},"content":{"rendered":"\n<p style=\"font-size:14px\">PCT, patent veren bir sistem de\u011fil, ayn\u0131 anda \u00e7ok say\u0131da patent ba\u015fvurusunda bulunulabilmesine olanak tan\u0131yan uluslararas\u0131 bir ba\u015fvuru sistemidir. \u015eubat 2003 itibar\u0131yla PCT\u2019ye \u00fcye \u00fclke say\u0131s\u0131 122\u2019dir.<\/p>\n\n\n\n<p style=\"font-size:14px\">Tek bir ara\u015ft\u0131rma raporu (tekni\u011fin bilinen durumu), tek bir inceleme raporu ile \u00e7ok say\u0131da \u00fclkede tescil a\u015famas\u0131na daha h\u0131zl\u0131 ve \u00e7ok daha ekonomik \u015fekilde ula\u015fman\u0131n anahtar\u0131d\u0131r.<\/p>\n\n\n\n<p style=\"font-size:14px\">Uluslararas\u0131 patent ba\u015fvurusu belirlenen t\u00fcm PCT \u00fcyesi \u00fclkelerde ge\u00e7erli oldu\u011fu i\u00e7in, bu \u00fclkelerin tamam\u0131 i\u00e7in ayr\u0131 ayr\u0131 ba\u015fvuru yap\u0131ld\u0131\u011f\u0131nda olu\u015facak olan harcamalar\u0131n yap\u0131lmas\u0131na gerek kalmaz.<\/p>\n\n\n\n<p style=\"font-size:14px\">T\u00fcrkiye 1 Ocak 1996 tarihinden itibaren Patent \u0130\u015fbirli\u011fi Antla\u015fmas\u0131\u2019na (PCT) taraf olmu\u015ftur. Patent \u0130\u015fbirli\u011fi Antla\u015fmas\u0131, birden fazla \u00fclkeye yap\u0131lacak patent ba\u015fvurular\u0131n\u0131n ara\u015ft\u0131rma ve inceleme i\u015flemlerinin uluslararas\u0131 otorite olan kurulu\u015flardan herhangi birinde yap\u0131lmas\u0131n\u0131 ve bu \u015fekilde haz\u0131rlanan raporlar\u0131n daha sonra ba\u015fvurunun yap\u0131ld\u0131\u011f\u0131 \u00fclkenin yetkili kurumu taraf\u0131ndan de\u011ferlendirilerek patentin verilmesini sa\u011flamay\u0131 ama\u00e7lam\u0131\u015ft\u0131r. B\u00f6ylece hem ba\u015fvuru sahipleri hem de Antla\u015fmaya taraf \u00fclkelerin patent kurumlar\u0131n\u0131n ara\u015ft\u0131rma ve inceleme i\u015flemleri i\u00e7in harcad\u0131klar\u0131 zaman, emek ve para azalt\u0131lmaktad\u0131r.<\/p>\n\n\n\n<p style=\"font-size:14px\">Patent \u0130\u015fbirli\u011fi Antla\u015fmas\u0131, Antla\u015fmaya taraf \u00fclkelerdeki ulusal mevzuat\u0131 hi\u00e7bir zaman ortadan kald\u0131rmamaktad\u0131r. Ba\u015fvuru sahipleri patent ba\u015fvurular\u0131n\u0131 isterlerse ulusal mevzuat\u0131n \u00f6ng\u00f6rd\u00fc\u011f\u00fc bi\u00e7imde isterlerse de Patent \u0130\u015fbirli\u011fi Antla\u015fmas\u0131\u2019n\u0131n \u00f6ng\u00f6rd\u00fc\u011f\u00fc bi\u00e7imde yapabilmektedirler. Patent \u0130\u015fbirli\u011fi Antla\u015fmas\u0131\u2019n\u0131n \u00f6ng\u00f6rd\u00fc\u011f\u00fc bi\u00e7imde ba\u015fvuru yap\u0131lmas\u0131 hakk\u0131 sadece bu Antla\u015fmaya taraf \u00fclkelerin vatanda\u015flar\u0131na tan\u0131nmaktad\u0131r. T\u00fcrkiye bu Antla\u015fmaya taraf oldu\u011fu i\u00e7in T\u00fcrk vatanda\u015flar\u0131 da istedikleri takdirde bu Antla\u015fman\u0131n \u00f6ng\u00f6rd\u00fc\u011f\u00fc bi\u00e7imde T\u00fcrk Patent Enstit\u00fcs\u00fc\u2019ne bir tek ba\u015fvuru yapabilmekte ve birden \u00e7ok \u00fclkeye daha ucuz ve kolay bir yolla patent ba\u015fvurusu yapabilme hakk\u0131n\u0131 elde etmektedirler.<\/p>\n","protected":false},"excerpt":{"rendered":"<p>PCT, patent veren bir sistem de\u011fil, ayn\u0131 anda \u00e7ok say\u0131da patent ba\u015fvurusunda bulunulabilmesine olanak tan\u0131yan uluslararas\u0131 bir ba\u015fvuru sistemidir. \u015eubat 2003 itibar\u0131yla PCT\u2019ye \u00fcye \u00fclke say\u0131s\u0131 122\u2019dir. Tek bir ara\u015ft\u0131rma raporu (tekni\u011fin bilinen durumu), tek bir inceleme raporu ile \u00e7ok say\u0131da \u00fclkede tescil a\u015famas\u0131na daha h\u0131zl\u0131 ve \u00e7ok daha ekonomik \u015fekilde ula\u015fman\u0131n anahtar\u0131d\u0131r. Uluslararas\u0131 patent &hellip; <\/p>\n<p class=\"link-more\"><a href=\"https:\/\/www.bosphoruspatent.com\/?page_id=83\" class=\"more-link\">Okumaya devam et<span class=\"screen-reader-text\"> &#8220;Patent \u0130\u015fbirli\u011fi Anla\u015fmas\u0131 \u00a0(PCT)&#8221;<\/span><\/a><\/p>\n","protected":false},"author":1,"featured_media":0,"parent":0,"menu_order":0,"comment_status":"closed","ping_status":"closed","template":"","meta":[],"_links":{"self":[{"href":"https:\/\/www.bosphoruspatent.com\/index.php?rest_route=\/wp\/v2\/pages\/83"}],"collection":[{"href":"https:\/\/www.bosphoruspatent.com\/index.php?rest_route=\/wp\/v2\/pages"}],"about":[{"href":"https:\/\/www.bosphoruspatent.com\/index.php?rest_route=\/wp\/v2\/types\/page"}],"author":[{"embeddable":true,"href":"https:\/\/www.bosphoruspatent.com\/index.php?rest_route=\/wp\/v2\/users\/1"}],"replies":[{"embeddable":true,"href":"https:\/\/www.bosphoruspatent.com\/index.php?rest_route=%2Fwp%2Fv2%2Fcomments&post=83"}],"version-history":[{"count":1,"href":"https:\/\/www.bosphoruspatent.com\/index.php?rest_route=\/wp\/v2\/pages\/83\/revisions"}],"predecessor-version":[{"id":85,"href":"https:\/\/www.bosphoruspatent.com\/index.php?rest_route=\/wp\/v2\/pages\/83\/revisions\/85"}],"wp:attachment":[{"href":"https:\/\/www.bosphoruspatent.com\/index.php?rest_route=%2Fwp%2Fv2%2Fmedia&parent=83"}],"curies":[{"name":"wp","href":"https:\/\/api.w.org\/{rel}","templated":true}]}}