{"id":86,"date":"2022-12-11T00:18:36","date_gmt":"2022-12-11T00:18:36","guid":{"rendered":"https:\/\/www.bosphoruspatent.com\/?page_id=86"},"modified":"2022-12-11T00:18:36","modified_gmt":"2022-12-11T00:18:36","slug":"avrupa-patent-anlasmasi-epc","status":"publish","type":"page","link":"https:\/\/www.bosphoruspatent.com\/?page_id=86","title":{"rendered":"Avrupa Patent Anla\u015fmas\u0131 (EPC)"},"content":{"rendered":"\n<figure class=\"wp-block-table\" style=\"font-size:14px\"><table><tbody><tr><td><strong>Avrupa Patent Anla\u015fmas\u0131 (EPC) Uyar\u0131nca Avrupa Patenti Ba\u015fvurusu<br><\/strong>Avrupa Patent Sistemi, 1973 y\u0131l\u0131nda M\u00fcnih&#8217;te imzalanan &#8220;Avrupa Patentlerinin Verilmesi Hakk\u0131ndaki S\u00f6zle\u015fme&#8221; ile Avrupa&#8217;da tek bir patent verilme sisteminin olu\u015fturulmas\u0131 amac\u0131yla kurulmu\u015f bir patent sistemidir. Avrupa Patent Sistemi, taraf \u00fclkeler ad\u0131na tek bir merkezden patent verilmesi, verilen bu patentlerin taraf \u00fclkelerde ge\u00e7erli olmas\u0131 ve ihtilaflar\u0131n da tek bir merkezden \u00e7\u00f6z\u00fcmlenmesini sa\u011flayan sistemdir.Bu durumda tek bir merkeze yapaca\u011f\u0131n\u0131z patent ba\u015fvurusu ile Avrupa Patent Sistemine dahil \u00fclkelerin hepsinde ( en fazla 29 \u00fclkeye)\u00a0\u00a0 bulu\u015funuza patent belgesi verilebilmektedir. Ancak\u00a0 ba\u015fvurunuzun patentlenebilirlik\u00a0 kriterlerinin tespiti ve\u00a0 karar\u0131ndan sonra, patent ba\u015fvurusuna ili\u015fkin tarifname, istemler ve \u00f6zetin ilgili \u00fclke diline terc\u00fcmesinin yapt\u0131r\u0131larak ve talep edilen \u00fccretler \u00f6denerek o \u00fclkelerdeki patent vekilleri arac\u0131l\u0131\u011f\u0131 ile ba\u015fvurunuzun taraf \u00fclkelerin milli ofislerinde tescil ve yay\u0131n\u0131n\u0131 talep etmeniz gerekmektedir.<\/td><\/tr><\/tbody><\/table><\/figure>\n","protected":false},"excerpt":{"rendered":"<p>Avrupa Patent Anla\u015fmas\u0131 (EPC) Uyar\u0131nca Avrupa Patenti Ba\u015fvurusuAvrupa Patent Sistemi, 1973 y\u0131l\u0131nda M\u00fcnih&#8217;te imzalanan &#8220;Avrupa Patentlerinin Verilmesi Hakk\u0131ndaki S\u00f6zle\u015fme&#8221; ile Avrupa&#8217;da tek bir patent verilme sisteminin olu\u015fturulmas\u0131 amac\u0131yla kurulmu\u015f bir patent sistemidir. Avrupa Patent Sistemi, taraf \u00fclkeler ad\u0131na tek bir merkezden patent verilmesi, verilen bu patentlerin taraf \u00fclkelerde ge\u00e7erli olmas\u0131 ve ihtilaflar\u0131n da tek bir &hellip; <\/p>\n<p class=\"link-more\"><a href=\"https:\/\/www.bosphoruspatent.com\/?page_id=86\" class=\"more-link\">Okumaya devam et<span class=\"screen-reader-text\"> &#8220;Avrupa Patent Anla\u015fmas\u0131 (EPC)&#8221;<\/span><\/a><\/p>\n","protected":false},"author":1,"featured_media":0,"parent":0,"menu_order":0,"comment_status":"closed","ping_status":"closed","template":"","meta":[],"_links":{"self":[{"href":"https:\/\/www.bosphoruspatent.com\/index.php?rest_route=\/wp\/v2\/pages\/86"}],"collection":[{"href":"https:\/\/www.bosphoruspatent.com\/index.php?rest_route=\/wp\/v2\/pages"}],"about":[{"href":"https:\/\/www.bosphoruspatent.com\/index.php?rest_route=\/wp\/v2\/types\/page"}],"author":[{"embeddable":true,"href":"https:\/\/www.bosphoruspatent.com\/index.php?rest_route=\/wp\/v2\/users\/1"}],"replies":[{"embeddable":true,"href":"https:\/\/www.bosphoruspatent.com\/index.php?rest_route=%2Fwp%2Fv2%2Fcomments&post=86"}],"version-history":[{"count":1,"href":"https:\/\/www.bosphoruspatent.com\/index.php?rest_route=\/wp\/v2\/pages\/86\/revisions"}],"predecessor-version":[{"id":88,"href":"https:\/\/www.bosphoruspatent.com\/index.php?rest_route=\/wp\/v2\/pages\/86\/revisions\/88"}],"wp:attachment":[{"href":"https:\/\/www.bosphoruspatent.com\/index.php?rest_route=%2Fwp%2Fv2%2Fmedia&parent=86"}],"curies":[{"name":"wp","href":"https:\/\/api.w.org\/{rel}","templated":true}]}}