{"id":9,"date":"2022-12-10T22:12:13","date_gmt":"2022-12-10T22:12:13","guid":{"rendered":"https:\/\/www.bosphoruspatent.com\/?page_id=9"},"modified":"2023-01-01T22:33:15","modified_gmt":"2023-01-01T22:33:15","slug":"marka","status":"publish","type":"page","link":"https:\/\/www.bosphoruspatent.com\/?page_id=9","title":{"rendered":"Marka"},"content":{"rendered":"\n<h2 style=\"font-size:14px\">Marka, bir i\u015fletmenin mal veya hizmetlerini di\u011ferlerinden ay\u0131rt etmeyi sa\u011flamas\u0131 ko\u015fuluyla, ki\u015fi adlar\u0131 dahil, \u00f6zellikle s\u00f6zc\u00fckler, \u015fekiller, harfler, say\u0131lar, mallar\u0131n bi\u00e7imi gibi \u00e7izimle veya benzer bi\u00e7imde ifade edilebilen yay\u0131nlanabilen ve \u00e7o\u011falt\u0131labilen her t\u00fcrl\u00fc i\u015faretlerdir.<\/h2>\n\n\n\n<h2 style=\"font-size:14px\">T\u00fcrkiye de markalar 556 Say\u0131l\u0131 Markalar\u0131n Korunmas\u0131 Hakk\u0131nda KHK h\u00fck\u00fcmlerine g\u00f6re korunmaktad\u0131r. Markalar\u0131n 556 Say\u0131l\u0131 KHK nin etkili korumas\u0131ndan yararlanabilmesi i\u00e7in&nbsp;<strong>TESC\u0130LL\u0130 OLMASI ZORUNLUDUR<\/strong>&nbsp;Ticaret \u00dcnvanlar\u0131 ve \u0130\u015fletme Adlar\u0131 ba\u015fka kanunlarla tescilli olsa bile,&nbsp;<strong>MARKA OLARAK TESC\u0130L ED\u0130LMED\u0130K\u00c7E<\/strong>&nbsp;marka say\u0131lmaz.<\/h2>\n\n\n\n<h2 style=\"font-size:14px\"><strong>Ticaret Markas\u0131 :<\/strong>&nbsp;Mal (e\u015fya, \u00fcr\u00fcn) ya da ambalaj\u0131 \u00fczerinde kullan\u0131lan markalara denilmektedir.<\/h2>\n\n\n\n<h2 style=\"font-size:14px\"><strong>Hizmet Markas\u0131 :<\/strong>&nbsp;Bir i\u015fletmenin hizmetlerini di\u011fer i\u015fletmelerin hizmetlerinden ay\u0131rt etmeye yarayan i\u015farettir. Bankac\u0131l\u0131k, sigortac\u0131l\u0131k, turizm, sa\u011fl\u0131k, ta\u015f\u0131ma, dan\u0131\u015fmanl\u0131k, otelcilik, e\u011fitim gibi alanlarda \u00e7al\u0131\u015fan i\u015fletmelerin mallar\u0131 yoktur, fakat &#8220;hizmetleri&#8221; vard\u0131r. Piyasalara sunduklar\u0131 hizmet onlar\u0131n \u00fcr\u00fcn\u00fcd\u00fcr.<\/h2>\n\n\n\n<h2 style=\"font-size:14px\"><strong>Ortak Marka :&nbsp;<\/strong>\u00dcretim, ticaret veya hizmet i\u015fletmelerinden olu\u015fan bir grup taraf\u0131ndan kullan\u0131lmak \u00fczere, grubu olu\u015fturan i\u015fletmelerin mal veya hizmetlerini di\u011fer i\u015fletmelerin mal veya hizmetlerinden ay\u0131rt etmeye yarayan i\u015farettir.<\/h2>\n\n\n\n<div class=\"is-content-justification-center is-layout-flex wp-container-1 wp-block-buttons\">\n<div class=\"wp-block-button aligncenter is-style-outline\"><a class=\"wp-block-button__link wp-element-button\" href=\"https:\/\/www.bosphoruspatent.com\/?page_id=52\">Marka Tescili ile Sahip Olunan Haklar<\/a><\/div>\n\n\n\n<div class=\"wp-block-button aligncenter is-style-outline\"><a class=\"wp-block-button__link wp-element-button\" href=\"https:\/\/www.bosphoruspatent.com\/?page_id=59\">Marka Tescilinde \u00dclkesellik ilkesi<\/a><\/div>\n\n\n\n<div class=\"wp-block-button aligncenter is-style-outline\"><a class=\"wp-block-button__link wp-element-button\" href=\"https:\/\/www.bosphoruspatent.com\/?page_id=62\">Avrupa Birli\u011fi Markas\u0131 (CTM)<\/a><\/div>\n\n\n\n<div class=\"wp-block-button aligncenter is-style-outline\"><a class=\"wp-block-button__link wp-element-button\" href=\"https:\/\/www.bosphoruspatent.com\/?page_id=73\">Madrid Protokol\u00fc<\/a><\/div>\n<\/div>\n","protected":false},"excerpt":{"rendered":"<p>Marka, bir i\u015fletmenin mal veya hizmetlerini di\u011ferlerinden ay\u0131rt etmeyi sa\u011flamas\u0131 ko\u015fuluyla, ki\u015fi adlar\u0131 dahil, \u00f6zellikle s\u00f6zc\u00fckler, \u015fekiller, harfler, say\u0131lar, mallar\u0131n bi\u00e7imi gibi \u00e7izimle veya benzer bi\u00e7imde ifade edilebilen yay\u0131nlanabilen ve \u00e7o\u011falt\u0131labilen her t\u00fcrl\u00fc i\u015faretlerdir. T\u00fcrkiye de markalar 556 Say\u0131l\u0131 Markalar\u0131n Korunmas\u0131 Hakk\u0131nda KHK h\u00fck\u00fcmlerine g\u00f6re korunmaktad\u0131r. Markalar\u0131n 556 Say\u0131l\u0131 KHK nin etkili korumas\u0131ndan yararlanabilmesi i\u00e7in&nbsp;TESC\u0130LL\u0130 &hellip; <\/p>\n<p class=\"link-more\"><a href=\"https:\/\/www.bosphoruspatent.com\/?page_id=9\" class=\"more-link\">Okumaya devam et<span class=\"screen-reader-text\"> &#8220;Marka&#8221;<\/span><\/a><\/p>\n","protected":false},"author":1,"featured_media":0,"parent":0,"menu_order":0,"comment_status":"closed","ping_status":"closed","template":"","meta":[],"_links":{"self":[{"href":"https:\/\/www.bosphoruspatent.com\/index.php?rest_route=\/wp\/v2\/pages\/9"}],"collection":[{"href":"https:\/\/www.bosphoruspatent.com\/index.php?rest_route=\/wp\/v2\/pages"}],"about":[{"href":"https:\/\/www.bosphoruspatent.com\/index.php?rest_route=\/wp\/v2\/types\/page"}],"author":[{"embeddable":true,"href":"https:\/\/www.bosphoruspatent.com\/index.php?rest_route=\/wp\/v2\/users\/1"}],"replies":[{"embeddable":true,"href":"https:\/\/www.bosphoruspatent.com\/index.php?rest_route=%2Fwp%2Fv2%2Fcomments&post=9"}],"version-history":[{"count":8,"href":"https:\/\/www.bosphoruspatent.com\/index.php?rest_route=\/wp\/v2\/pages\/9\/revisions"}],"predecessor-version":[{"id":235,"href":"https:\/\/www.bosphoruspatent.com\/index.php?rest_route=\/wp\/v2\/pages\/9\/revisions\/235"}],"wp:attachment":[{"href":"https:\/\/www.bosphoruspatent.com\/index.php?rest_route=%2Fwp%2Fv2%2Fmedia&parent=9"}],"curies":[{"name":"wp","href":"https:\/\/api.w.org\/{rel}","templated":true}]}}