{"id":91,"date":"2022-12-11T00:22:24","date_gmt":"2022-12-11T00:22:24","guid":{"rendered":"https:\/\/www.bosphoruspatent.com\/?page_id=91"},"modified":"2022-12-11T00:22:41","modified_gmt":"2022-12-11T00:22:41","slug":"endustriyel-tasarim-tescili-ile-sahip-olunan-haklar","status":"publish","type":"page","link":"https:\/\/www.bosphoruspatent.com\/?page_id=91","title":{"rendered":"End\u00fcstriyel Tasar\u0131m Tescili ile Sahip Olunan Haklar"},"content":{"rendered":"\n<p style=\"font-size:14px\">Tasar\u0131m hakk\u0131 tasar\u0131mc\u0131ya veya onun hukuki haleflerine aittir. Tasar\u0131mc\u0131n\u0131n birden \u00e7ok olmas\u0131 halinde, taraflar aras\u0131nda aksine bir anla\u015fma yoksa tasar\u0131mc\u0131lar, m\u00fc\u015fterek m\u00fclkiyet h\u00fck\u00fcmleri \u00e7er\u00e7evesinde hak sahibidir. Her hak sahibi di\u011ferlerinden ba\u011f\u0131ms\u0131z olarak a\u015fa\u011f\u0131daki i\u015flemleri kendi ad\u0131na yapabilir:<\/p>\n\n\n\n<p style=\"font-size:14px\">a) Kendisine d\u00fc\u015fen pay \u00fczerinde serbest\u00e7e tasarrufta bulunur. Pay\u0131n \u00fc\u00e7\u00fcnc\u00fc ki\u015fiye devredilmesi halinde di\u011fer pay sahiplerinin \u00f6nal\u0131m hakk\u0131 vard\u0131r. Pay\u0131n devri yaz\u0131l\u0131 \u015fekilde yap\u0131l\u0131r ve sicile kaydedilir. Enstit\u00fc \u00f6n al\u0131m hakk\u0131n\u0131n kullan\u0131labilmesi i\u00e7in durumu iki ay i\u00e7inde di\u011fer payda\u015flara bildirir. \u00d6n al\u0131m hakk\u0131 bildirimin tebell\u00fc\u011f\u00fcnden itibaren bir ay i\u00e7inde kullan\u0131l\u0131r.<\/p>\n\n\n\n<p style=\"font-size:14px\">b) Di\u011fer hak sahiplerine bir bildirimde bulunduktan sonra tasar\u0131m\u0131 kullanabilir.<\/p>\n\n\n\n<p style=\"font-size:14px\">c) Tasar\u0131m\u0131n korunmas\u0131 i\u00e7in gerekli \u00f6nlemleri alabilir.<\/p>\n\n\n\n<p style=\"font-size:14px\">d) Birlikte yap\u0131lan tasar\u0131m ba\u015fvurusu veya tasar\u0131mdan do\u011fan haklar\u0131n herhangi bir \u015fekilde tecav\u00fcze u\u011framas\u0131 halinde \u00fc\u00e7\u00fcnc\u00fc ki\u015filere kar\u015f\u0131 hukuk veya ceza davas\u0131 a\u00e7abilir<\/p>\n\n\n\n<p style=\"font-size:14px\">e) Tasar\u0131m\u0131n tescil ba\u015fvurusu veya tescilden do\u011fan tasar\u0131m hakk\u0131 ba\u015fkas\u0131na devredilebilir, miras yolu ile intikal eder. Bu haklar \u00fczerinde \u00f6l\u00fcme ba\u011fl\u0131 tasarruflar\u0131n yap\u0131lmas\u0131 m\u00fcmk\u00fcnd\u00fcr.f) Ba\u015fvuru ve tasar\u0131m hakk\u0131; Kanuni veya akdi rehin hakk\u0131na ve hacze konu olabilir.<\/p>\n","protected":false},"excerpt":{"rendered":"<p>Tasar\u0131m hakk\u0131 tasar\u0131mc\u0131ya veya onun hukuki haleflerine aittir. Tasar\u0131mc\u0131n\u0131n birden \u00e7ok olmas\u0131 halinde, taraflar aras\u0131nda aksine bir anla\u015fma yoksa tasar\u0131mc\u0131lar, m\u00fc\u015fterek m\u00fclkiyet h\u00fck\u00fcmleri \u00e7er\u00e7evesinde hak sahibidir. Her hak sahibi di\u011ferlerinden ba\u011f\u0131ms\u0131z olarak a\u015fa\u011f\u0131daki i\u015flemleri kendi ad\u0131na yapabilir: a) Kendisine d\u00fc\u015fen pay \u00fczerinde serbest\u00e7e tasarrufta bulunur. Pay\u0131n \u00fc\u00e7\u00fcnc\u00fc ki\u015fiye devredilmesi halinde di\u011fer pay sahiplerinin \u00f6nal\u0131m hakk\u0131 &hellip; <\/p>\n<p class=\"link-more\"><a href=\"https:\/\/www.bosphoruspatent.com\/?page_id=91\" class=\"more-link\">Okumaya devam et<span class=\"screen-reader-text\"> &#8220;End\u00fcstriyel Tasar\u0131m Tescili ile Sahip Olunan Haklar&#8221;<\/span><\/a><\/p>\n","protected":false},"author":1,"featured_media":0,"parent":0,"menu_order":0,"comment_status":"closed","ping_status":"closed","template":"","meta":[],"_links":{"self":[{"href":"https:\/\/www.bosphoruspatent.com\/index.php?rest_route=\/wp\/v2\/pages\/91"}],"collection":[{"href":"https:\/\/www.bosphoruspatent.com\/index.php?rest_route=\/wp\/v2\/pages"}],"about":[{"href":"https:\/\/www.bosphoruspatent.com\/index.php?rest_route=\/wp\/v2\/types\/page"}],"author":[{"embeddable":true,"href":"https:\/\/www.bosphoruspatent.com\/index.php?rest_route=\/wp\/v2\/users\/1"}],"replies":[{"embeddable":true,"href":"https:\/\/www.bosphoruspatent.com\/index.php?rest_route=%2Fwp%2Fv2%2Fcomments&post=91"}],"version-history":[{"count":2,"href":"https:\/\/www.bosphoruspatent.com\/index.php?rest_route=\/wp\/v2\/pages\/91\/revisions"}],"predecessor-version":[{"id":94,"href":"https:\/\/www.bosphoruspatent.com\/index.php?rest_route=\/wp\/v2\/pages\/91\/revisions\/94"}],"wp:attachment":[{"href":"https:\/\/www.bosphoruspatent.com\/index.php?rest_route=%2Fwp%2Fv2%2Fmedia&parent=91"}],"curies":[{"name":"wp","href":"https:\/\/api.w.org\/{rel}","templated":true}]}}