{"id":95,"date":"2022-12-11T00:25:40","date_gmt":"2022-12-11T00:25:40","guid":{"rendered":"https:\/\/www.bosphoruspatent.com\/?page_id=95"},"modified":"2022-12-11T00:25:40","modified_gmt":"2022-12-11T00:25:40","slug":"lahey-anlasmasi","status":"publish","type":"page","link":"https:\/\/www.bosphoruspatent.com\/?page_id=95","title":{"rendered":"Lahey Anla\u015fmas\u0131"},"content":{"rendered":"\n<p><strong>Tasar\u0131mlar\u0131n Uluslar aras\u0131 tesciline Dair LAHEY ANLA\u015eMASI<\/strong><\/p>\n\n\n\n<p style=\"font-size:14px\">D\u00fcnyadaki genel uygulamalara bak\u0131ld\u0131\u011f\u0131nda, end\u00fcstriyel tasar\u0131m korumas\u0131, verildi\u011fi \u00fclkenin s\u0131n\u0131rlar\u0131 i\u00e7erisinde ge\u00e7erlidir ve birden fazla \u00fclkede koruma elde etmek i\u00e7in her \u00fclkeye ayr\u0131 ayr\u0131 ba\u015fvuru yap\u0131lmas\u0131 gereklidir. Yani her bir \u00fclke i\u00e7in yap\u0131lacak ba\u015fvuru, ayr\u0131 dil, ayr\u0131 vekil, ayr\u0131 para birimleri ile ayr\u0131 \u00fccretler anlam\u0131na gelmektedir. Oysaki yap\u0131lacak uluslararas\u0131 bir ba\u015fvuruyla tek bir form doldurularak bu formda koruma talep edilen \u00fclkelerin belirlenmesiyle o \u00fclkelerde koruma sa\u011flama imk\u00e2n\u0131 elde edilmektedir. Bu koruma ise her \u00fclkenin ulusal ba\u015fvurusuyla e\u015fde\u011fer bir koruma olacakt\u0131r. \u00d6rne\u011fin, Tasar\u0131m\u0131n\u0131 (Lahey Anla\u015fmas\u0131na taraf) be\u015f \u00fclkede korumak isteyen bir ki\u015fi i\u00e7in iki alternatif vard\u0131r; Birincisi: her bir \u00fclkeye ayr\u0131 ayr\u0131 ba\u015fvuru yapabilir. Bunun i\u00e7in o \u00fclkelerden vekil bulmas\u0131, bu vekiller arac\u0131l\u0131\u011f\u0131yla ba\u015fvuru yapmas\u0131, o \u00fclke mevzuat\u0131na uygun evraklar\u0131 haz\u0131rlamas\u0131, o \u00fclkelerin para biriminde \u00fccretleri yat\u0131rmas\u0131 ve i\u015flemleri takip etmesi gerekir ki bu i\u015flemleri be\u015f kez tekrarlamas\u0131yla ortaya \u00e7\u0131kacak maliyetleri kar\u015f\u0131lamas\u0131 gerekecektir. \u0130kincisi; do\u011frudan veya Ulusal Ofis (TPE) arac\u0131l\u0131\u011f\u0131yla uluslararas\u0131 ba\u015fvuru yapabilir ve bu ba\u015fvuruda gerekli evraklar\u0131 sunarak istedi\u011fi be\u015f \u00fclkeyi form \u00fczerinde i\u015faretleyebilir.<\/p>\n\n\n\n<p style=\"font-size:14px\">\u00d6zet olarak sistemin iki temel amac\u0131 vard\u0131r.<\/p>\n\n\n\n<p style=\"font-size:14px\">\u25cf tek bir ba\u015fvuruyla, se\u00e7ilen \u00fclkelerde tescil yoluyla koruma sa\u011flamak<\/p>\n\n\n\n<p style=\"font-size:14px\">\u25cf tek bir ba\u015fvuruyla, ayn\u0131 etkiye sahip bir tescil sistemi kullanarak i\u015flemleri daha kolay hale getirmek B\u00f6ylelikle tescille ilgili b\u00fct\u00fcn i\u015flemler tek bir merkezden y\u00fcr\u00fct\u00fclebilecek ve b\u00fct\u00fcn kay\u0131tlar tek bir merkezde tutulmaktad\u0131r. Uluslararas\u0131 ba\u015fvuru ayn\u0131 zamanda tescil sonras\u0131 i\u015flemler a\u00e7\u0131s\u0131ndan da b\u00fcy\u00fck kolayl\u0131klar sa\u011flayacakt\u0131r. \u00c7\u00fcnk\u00fc yenileme, adres veya unvan de\u011fi\u015fikli\u011fi gibi i\u015flemler i\u00e7in de yap\u0131lmas\u0131 gereken ba\u015fvuru ve izlenilmesi gereken prosed\u00fcr &nbsp;tektir<\/p>\n\n\n\n<p><strong>T\u00dcRK\u0130YE\u2019DEN BA\u015eVURU YAPMA HAKKINA SAH\u0130P K\u0130\u015e\u0130LER\u0130N SE\u00c7EB\u0130LECE\u011e\u0130 \u00dcLKELER<\/strong>;<\/p>\n\n\n\n<p style=\"font-size:14px\">(01 EK\u0130M 2014 tarihi itibariyle)<\/p>\n\n\n\n<p style=\"font-size:14px\">1-&nbsp;&nbsp;&nbsp; Arnavutluk<\/p>\n\n\n\n<p style=\"font-size:14px\">2-&nbsp;&nbsp;&nbsp; Ermenistan<\/p>\n\n\n\n<p style=\"font-size:14px\">3-&nbsp;&nbsp;&nbsp; Azerbaycan<\/p>\n\n\n\n<p style=\"font-size:14px\">4-&nbsp;&nbsp;&nbsp; &nbsp;Bosna ve Hersek<\/p>\n\n\n\n<p style=\"font-size:14px\">5-&nbsp;&nbsp;&nbsp; &nbsp;Bulgaristan<\/p>\n\n\n\n<p style=\"font-size:14px\">6-&nbsp;&nbsp;&nbsp; &nbsp;Mo\u011folistan<\/p>\n\n\n\n<p style=\"font-size:14px\">7-&nbsp;&nbsp;&nbsp; &nbsp;Namibya<\/p>\n\n\n\n<p style=\"font-size:14px\">8-&nbsp;&nbsp;&nbsp; &nbsp;Norve\u00e7<\/p>\n\n\n\n<p style=\"font-size:14px\">9-&nbsp;&nbsp;&nbsp; &nbsp;Afrika Fikri M\u00fclkiyet&nbsp; Organizasyonu&nbsp;<strong>(OAPI)<\/strong><\/p>\n\n\n\n<p style=\"font-size:14px\">10- Bruney Sultanl\u0131\u011f\u0131<\/p>\n\n\n\n<p style=\"font-size:14px\">11- &nbsp;Umman<\/p>\n\n\n\n<p style=\"font-size:14px\">12- &nbsp;Botsvana<\/p>\n\n\n\n<p style=\"font-size:14px\">13- Polonya<\/p>\n\n\n\n<p style=\"font-size:14px\">14- &nbsp;\u0130svi\u00e7re<\/p>\n\n\n\n<p style=\"font-size:14px\">15- &nbsp;Romanya<\/p>\n\n\n\n<p style=\"font-size:14px\">16- &nbsp;Almanya<\/p>\n\n\n\n<p style=\"font-size:14px\">17- &nbsp;S\u0131rbistan<\/p>\n\n\n\n<p style=\"font-size:14px\">18- &nbsp;Danimarka<\/p>\n\n\n\n<p style=\"font-size:14px\">19- &nbsp;Ruanda<\/p>\n\n\n\n<p style=\"font-size:14px\">20- Estonya<\/p>\n\n\n\n<p style=\"font-size:14px\">21- &nbsp;Singapur<\/p>\n\n\n\n<p style=\"font-size:14px\">22- &nbsp;M\u0131s\u0131r<\/p>\n\n\n\n<p style=\"font-size:14px\">23- &nbsp;Slovenya<\/p>\n\n\n\n<p style=\"font-size:14px\">24- &nbsp;Avrupa Birli\u011fi&nbsp;<strong>(EM) *<\/strong><\/p>\n\n\n\n<p style=\"font-size:14px\">25- Sao Tome ve Principe<\/p>\n\n\n\n<p style=\"font-size:14px\">26- \u0130spanya<\/p>\n\n\n\n<p style=\"font-size:14px\">27- Suriye Arap Cumhuriyeti<\/p>\n\n\n\n<p style=\"font-size:14px\">28- &nbsp;Finlandiya<\/p>\n\n\n\n<p style=\"font-size:14px\">29- Tacikistan<\/p>\n\n\n\n<p style=\"font-size:14px\">30- &nbsp;Fransa<\/p>\n\n\n\n<p style=\"font-size:14px\">31- &nbsp;Tunus<\/p>\n\n\n\n<p style=\"font-size:14px\">32- &nbsp;G\u00fcrcistan<\/p>\n\n\n\n<p style=\"font-size:14px\">33- &nbsp;T\u00fcrkiye<\/p>\n\n\n\n<p style=\"font-size:14px\">34- &nbsp;Gana<\/p>\n\n\n\n<p style=\"font-size:14px\">35- &nbsp;Ukrayna<\/p>\n\n\n\n<p style=\"font-size:14px\">36- H\u0131rvatistan<\/p>\n\n\n\n<p style=\"font-size:14px\">37- &nbsp;Macaristan<\/p>\n\n\n\n<p style=\"font-size:14px\">38- &nbsp;\u0130zlanda<\/p>\n\n\n\n<p style=\"font-size:14px\">39- &nbsp;K\u0131rgizistan<\/p>\n\n\n\n<p style=\"font-size:14px\">40- &nbsp;Kore Cumhuriyeti<\/p>\n\n\n\n<p style=\"font-size:14px\">41- &nbsp;Lihten\u015ftayn<\/p>\n\n\n\n<p style=\"font-size:14px\">42- &nbsp;Litvanya<\/p>\n\n\n\n<p style=\"font-size:14px\">43- Letonya<\/p>\n\n\n\n<p style=\"font-size:14px\">44- &nbsp;Monako<\/p>\n\n\n\n<p style=\"font-size:14px\">45- Moldovya Cumhuriyeti<\/p>\n\n\n\n<p style=\"font-size:14px\">46- &nbsp;Karada\u011f<\/p>\n\n\n\n<p style=\"font-size:14px\">47- &nbsp;Eski Yugoslav Makedonya Cumhuriyeti (MK) *<\/p>\n\n\n\n<p style=\"font-size:14px\"><strong>Avrupa Birli\u011fi (EM):&nbsp;<\/strong>Almanya, Avusturya, Bel\u00e7ika, Birle\u015fik krall\u0131k, Bulgaristan, \u00c7ek Cumhuriyeti, Danimarka, Estonya, Finlandiya, Fransa, H\u0131rvatistan, Hollanda, \u0130rlanda, \u0130spanya, \u0130sve\u00e7, \u0130talya, K\u0131br\u0131s, Letonya, Litvanya, L\u00fcksemburg, Macaristan, Malta, Polonya, Portekiz, Romanya, Slovakya, Slovenya, Yunanistan<\/p>\n\n\n\n<p style=\"font-size:14px\"><strong>Afrika Fikri M\u00fclkiyet Organizasyonu (OAPI)<\/strong>:&nbsp;Benin, Burkina Faso, \u00c7ad, Ekvator Ginesi, Fildi\u015fi Sahilleri, Gabon, Gine, Gine-Bissau, G\u00fcney Afrika Cumhuriyeti, Kamerun, Kongo, Mali, Moritanya, Nijer, Senegal, Togo<\/p>\n","protected":false},"excerpt":{"rendered":"<p>Tasar\u0131mlar\u0131n Uluslar aras\u0131 tesciline Dair LAHEY ANLA\u015eMASI D\u00fcnyadaki genel uygulamalara bak\u0131ld\u0131\u011f\u0131nda, end\u00fcstriyel tasar\u0131m korumas\u0131, verildi\u011fi \u00fclkenin s\u0131n\u0131rlar\u0131 i\u00e7erisinde ge\u00e7erlidir ve birden fazla \u00fclkede koruma elde etmek i\u00e7in her \u00fclkeye ayr\u0131 ayr\u0131 ba\u015fvuru yap\u0131lmas\u0131 gereklidir. Yani her bir \u00fclke i\u00e7in yap\u0131lacak ba\u015fvuru, ayr\u0131 dil, ayr\u0131 vekil, ayr\u0131 para birimleri ile ayr\u0131 \u00fccretler anlam\u0131na gelmektedir. Oysaki yap\u0131lacak &hellip; <\/p>\n<p class=\"link-more\"><a href=\"https:\/\/www.bosphoruspatent.com\/?page_id=95\" class=\"more-link\">Okumaya devam et<span class=\"screen-reader-text\"> &#8220;Lahey Anla\u015fmas\u0131&#8221;<\/span><\/a><\/p>\n","protected":false},"author":1,"featured_media":0,"parent":0,"menu_order":0,"comment_status":"closed","ping_status":"closed","template":"","meta":[],"_links":{"self":[{"href":"https:\/\/www.bosphoruspatent.com\/index.php?rest_route=\/wp\/v2\/pages\/95"}],"collection":[{"href":"https:\/\/www.bosphoruspatent.com\/index.php?rest_route=\/wp\/v2\/pages"}],"about":[{"href":"https:\/\/www.bosphoruspatent.com\/index.php?rest_route=\/wp\/v2\/types\/page"}],"author":[{"embeddable":true,"href":"https:\/\/www.bosphoruspatent.com\/index.php?rest_route=\/wp\/v2\/users\/1"}],"replies":[{"embeddable":true,"href":"https:\/\/www.bosphoruspatent.com\/index.php?rest_route=%2Fwp%2Fv2%2Fcomments&post=95"}],"version-history":[{"count":1,"href":"https:\/\/www.bosphoruspatent.com\/index.php?rest_route=\/wp\/v2\/pages\/95\/revisions"}],"predecessor-version":[{"id":97,"href":"https:\/\/www.bosphoruspatent.com\/index.php?rest_route=\/wp\/v2\/pages\/95\/revisions\/97"}],"wp:attachment":[{"href":"https:\/\/www.bosphoruspatent.com\/index.php?rest_route=%2Fwp%2Fv2%2Fmedia&parent=95"}],"curies":[{"name":"wp","href":"https:\/\/api.w.org\/{rel}","templated":true}]}}